{"id":200,"date":"2025-01-09T16:39:40","date_gmt":"2025-01-09T14:39:40","guid":{"rendered":"https:\/\/itpagalba.com\/?page_id=200"},"modified":"2025-01-09T17:13:39","modified_gmt":"2025-01-09T15:13:39","slug":"tinklu-ir-wifi-sprendimai","status":"publish","type":"page","link":"https:\/\/itpagalba.com\/index.php\/tinklu-ir-wifi-sprendimai\/","title":{"rendered":"WiFi ir tinkl\u0173 sprendimai"},"content":{"rendered":"\t\t<div data-elementor-type=\"wp-page\" data-elementor-id=\"200\" class=\"elementor elementor-200\">\n\t\t\t\t<div class=\"elementor-element elementor-element-f663aef e-flex e-con-boxed e-con e-parent\" data-id=\"f663aef\" data-element_type=\"container\">\n\t\t\t\t\t<div class=\"e-con-inner\">\n\t\t\t\t<div class=\"elementor-element elementor-element-774806e elementor-widget elementor-widget-heading\" data-id=\"774806e\" data-element_type=\"widget\" data-widget_type=\"heading.default\">\n\t\t\t\t<div class=\"elementor-widget-container\">\n\t\t\t\t\t<h2 class=\"elementor-heading-title elementor-size-default\">Trumpa ap\u017evalga:<\/h2>\t\t\t\t<\/div>\n\t\t\t\t<\/div>\n\t\t\t\t\t<\/div>\n\t\t\t\t<\/div>\n\t\t<div class=\"elementor-element elementor-element-cb41649 e-flex e-con-boxed e-con e-parent\" data-id=\"cb41649\" data-element_type=\"container\">\n\t\t\t\t\t<div class=\"e-con-inner\">\n\t\t\t\t<div class=\"elementor-element elementor-element-185bbb4 elementor-widget elementor-widget-text-editor\" data-id=\"185bbb4\" data-element_type=\"widget\" data-widget_type=\"text-editor.default\">\n\t\t\t\t<div class=\"elementor-widget-container\">\n\t\t\t\t\t\t\t\t\t<p data-pm-slice=\"1 1 []\">Teikiame profesionalius tinkl\u0173 ir WiFi sprendimus, kurie u\u017ftikrina stabil\u0173 ir saug\u0173 ry\u0161\u012f bet kokio dyd\u017eio patalpose \u2013 nuo ma\u017e\u0173 biur\u0173 iki dideli\u0173 komercini\u0173 objekt\u0173.<\/p>\t\t\t\t\t\t\t\t<\/div>\n\t\t\t\t<\/div>\n\t\t\t\t\t<\/div>\n\t\t\t\t<\/div>\n\t\t<div class=\"elementor-element elementor-element-2ae55ff e-flex e-con-boxed e-con e-parent\" data-id=\"2ae55ff\" data-element_type=\"container\">\n\t\t\t\t\t<div class=\"e-con-inner\">\n\t\t\t\t<div class=\"elementor-element elementor-element-badb431 elementor-widget elementor-widget-heading\" data-id=\"badb431\" data-element_type=\"widget\" data-widget_type=\"heading.default\">\n\t\t\t\t<div class=\"elementor-widget-container\">\n\t\t\t\t\t<h2 class=\"elementor-heading-title elementor-size-default\">Detalus apra\u0161ymas:<\/h2>\t\t\t\t<\/div>\n\t\t\t\t<\/div>\n\t\t\t\t\t<\/div>\n\t\t\t\t<\/div>\n\t\t<div class=\"elementor-element elementor-element-302e1f4 e-flex e-con-boxed e-con e-parent\" data-id=\"302e1f4\" data-element_type=\"container\">\n\t\t\t\t\t<div class=\"e-con-inner\">\n\t\t\t\t<div class=\"elementor-element elementor-element-9631e63 elementor-widget elementor-widget-text-editor\" data-id=\"9631e63\" data-element_type=\"widget\" data-widget_type=\"text-editor.default\">\n\t\t\t\t<div class=\"elementor-widget-container\">\n\t\t\t\t\t\t\t\t\t<p data-pm-slice=\"1 1 []\">M\u016bs\u0173 tinkl\u0173 ir WiFi sprendimai yra pritaikyti pagal kiekvieno kliento poreikius. Atliekame tinklo infrastrukt\u016bros analiz\u0119, projektuojame tinklus ir diegiame reikaling\u0105 \u012frang\u0105, kad u\u017ftikrintume optimal\u0173 veikim\u0105 ir apr\u0117pt\u012f. Naudojame patikimus gaminius ir technologijas, kurios leid\u017eia pasiekti maksimal\u0173 ry\u0161io stabilum\u0105 bei greit\u012f. Si\u016blome sprendimus tiek verslo aplinkai, tiek visuomenin\u0117s paskirties objektams.<\/p><p>Be to, teikiame tinkl\u0173 prie\u017ei\u016bros ir palaikymo paslaugas, kad gal\u0117tum\u0117te b\u016bti ram\u016bs d\u0117l savo ry\u0161io kokyb\u0117s.<\/p>\t\t\t\t\t\t\t\t<\/div>\n\t\t\t\t<\/div>\n\t\t\t\t\t<\/div>\n\t\t\t\t<\/div>\n\t\t<div class=\"elementor-element elementor-element-aefdbf3 e-flex e-con-boxed e-con e-parent\" data-id=\"aefdbf3\" data-element_type=\"container\">\n\t\t\t\t\t<div class=\"e-con-inner\">\n\t\t\t\t<div class=\"elementor-element elementor-element-ff77cb2 elementor-widget elementor-widget-heading\" data-id=\"ff77cb2\" data-element_type=\"widget\" data-widget_type=\"heading.default\">\n\t\t\t\t<div class=\"elementor-widget-container\">\n\t\t\t\t\t<h2 class=\"elementor-heading-title elementor-size-default\">Kod\u0117l verta rinktis m\u016bs\u0173 tinkl\u0173 ir WiFi sprendimus?<\/h2>\t\t\t\t<\/div>\n\t\t\t\t<\/div>\n\t\t\t\t\t<\/div>\n\t\t\t\t<\/div>\n\t\t<div class=\"elementor-element elementor-element-68dbb47 e-flex e-con-boxed e-con e-parent\" data-id=\"68dbb47\" data-element_type=\"container\">\n\t\t\t\t\t<div class=\"e-con-inner\">\n\t\t\t\t<div class=\"elementor-element elementor-element-dd5aa69 elementor-widget elementor-widget-text-editor\" data-id=\"dd5aa69\" data-element_type=\"widget\" data-widget_type=\"text-editor.default\">\n\t\t\t\t<div class=\"elementor-widget-container\">\n\t\t\t\t\t\t\t\t\t<ul data-spread=\"false\" data-pm-slice=\"3 3 []\"><li><p>Atliekame detali\u0105 tinklo analiz\u0119 ir si\u016blome sprendimus, kurie geriausiai atitinka j\u016bs\u0173 poreikius.<\/p><\/li><li><p>Naudojame patikim\u0105 \u012frang\u0105, kuri u\u017ftikrina ilgalaik\u012f stabilum\u0105.<\/p><\/li><li><p>Si\u016blome kompleksin\u012f po\u017ei\u016br\u012f \u2013 nuo diegimo iki nuolatin\u0117s prie\u017ei\u016bros.<\/p><\/li><\/ul>\t\t\t\t\t\t\t\t<\/div>\n\t\t\t\t<\/div>\n\t\t\t\t\t<\/div>\n\t\t\t\t<\/div>\n\t\t\t\t<\/div>\n\t\t","protected":false},"excerpt":{"rendered":"<p>Trumpa ap\u017evalga: Teikiame profesionalius tinkl\u0173 ir WiFi sprendimus, kurie u\u017ftikrina stabil\u0173 ir saug\u0173 ry\u0161\u012f bet kokio dyd\u017eio patalpose \u2013 nuo ma\u017e\u0173 biur\u0173 [&hellip;]<\/p>\n","protected":false},"author":1,"featured_media":0,"parent":0,"menu_order":0,"comment_status":"closed","ping_status":"closed","template":"","meta":{"_monsterinsights_skip_tracking":false,"_monsterinsights_sitenote_active":false,"_monsterinsights_sitenote_note":"","_monsterinsights_sitenote_category":0,"footnotes":""},"class_list":["post-200","page","type-page","status-publish","hentry"],"yoast_head":"<!-- This site is optimized with the Yoast SEO plugin v24.2 - https:\/\/yoast.com\/wordpress\/plugins\/seo\/ -->\n<title>WiFi ir tinkl\u0173 sprendimai | itpagalba.com<\/title>\n<meta name=\"robots\" content=\"index, follow, max-snippet:-1, max-image-preview:large, max-video-preview:-1\" \/>\n<link rel=\"canonical\" href=\"https:\/\/itpagalba.com\/index.php\/tinklu-ir-wifi-sprendimai\/\" \/>\n<meta property=\"og:locale\" content=\"lt_LT\" \/>\n<meta property=\"og:type\" content=\"article\" \/>\n<meta property=\"og:title\" content=\"WiFi ir tinkl\u0173 sprendimai | itpagalba.com\" \/>\n<meta property=\"og:description\" content=\"Trumpa ap\u017evalga: Teikiame profesionalius tinkl\u0173 ir WiFi sprendimus, kurie u\u017ftikrina stabil\u0173 ir saug\u0173 ry\u0161\u012f bet kokio dyd\u017eio patalpose \u2013 nuo ma\u017e\u0173 biur\u0173 [&hellip;]\" \/>\n<meta property=\"og:url\" content=\"https:\/\/itpagalba.com\/index.php\/tinklu-ir-wifi-sprendimai\/\" \/>\n<meta property=\"og:site_name\" content=\"itpagalba.com\" \/>\n<meta property=\"article:modified_time\" content=\"2025-01-09T15:13:39+00:00\" \/>\n<meta property=\"og:image\" content=\"https:\/\/itpagalba.com\/wp-content\/uploads\/2025\/01\/White-logo-no-background-1.png\" \/>\n\t<meta property=\"og:image:width\" content=\"3192\" \/>\n\t<meta property=\"og:image:height\" content=\"3155\" \/>\n\t<meta property=\"og:image:type\" content=\"image\/png\" \/>\n<meta name=\"twitter:card\" content=\"summary_large_image\" \/>\n<meta name=\"twitter:label1\" content=\"Est. reading time\" \/>\n\t<meta name=\"twitter:data1\" content=\"1 minut\u0117\" \/>\n<script type=\"application\/ld+json\" class=\"yoast-schema-graph\">{\"@context\":\"https:\/\/schema.org\",\"@graph\":[{\"@type\":\"WebPage\",\"@id\":\"https:\/\/itpagalba.com\/index.php\/tinklu-ir-wifi-sprendimai\/\",\"url\":\"https:\/\/itpagalba.com\/index.php\/tinklu-ir-wifi-sprendimai\/\",\"name\":\"WiFi ir tinkl\u0173 sprendimai | itpagalba.com\",\"isPartOf\":{\"@id\":\"https:\/\/itpagalba.com\/#website\"},\"datePublished\":\"2025-01-09T14:39:40+00:00\",\"dateModified\":\"2025-01-09T15:13:39+00:00\",\"breadcrumb\":{\"@id\":\"https:\/\/itpagalba.com\/index.php\/tinklu-ir-wifi-sprendimai\/#breadcrumb\"},\"inLanguage\":\"lt-LT\",\"potentialAction\":[{\"@type\":\"ReadAction\",\"target\":[\"https:\/\/itpagalba.com\/index.php\/tinklu-ir-wifi-sprendimai\/\"]}]},{\"@type\":\"BreadcrumbList\",\"@id\":\"https:\/\/itpagalba.com\/index.php\/tinklu-ir-wifi-sprendimai\/#breadcrumb\",\"itemListElement\":[{\"@type\":\"ListItem\",\"position\":1,\"name\":\"Home\",\"item\":\"https:\/\/itpagalba.com\/\"},{\"@type\":\"ListItem\",\"position\":2,\"name\":\"WiFi ir tinkl\u0173 sprendimai\"}]},{\"@type\":\"WebSite\",\"@id\":\"https:\/\/itpagalba.com\/#website\",\"url\":\"https:\/\/itpagalba.com\/\",\"name\":\"itpagalba.com\",\"description\":\"IT pagalba: WiFi, tinklai, saugumas \u2013 profesional\u016bs sprendimai\",\"publisher\":{\"@id\":\"https:\/\/itpagalba.com\/#organization\"},\"potentialAction\":[{\"@type\":\"SearchAction\",\"target\":{\"@type\":\"EntryPoint\",\"urlTemplate\":\"https:\/\/itpagalba.com\/?s={search_term_string}\"},\"query-input\":{\"@type\":\"PropertyValueSpecification\",\"valueRequired\":true,\"valueName\":\"search_term_string\"}}],\"inLanguage\":\"lt-LT\"},{\"@type\":\"Organization\",\"@id\":\"https:\/\/itpagalba.com\/#organization\",\"name\":\"itpagalba.com\",\"url\":\"https:\/\/itpagalba.com\/\",\"logo\":{\"@type\":\"ImageObject\",\"inLanguage\":\"lt-LT\",\"@id\":\"https:\/\/itpagalba.com\/#\/schema\/logo\/image\/\",\"url\":\"https:\/\/itpagalba.com\/wp-content\/uploads\/2025\/01\/White-logo-no-background.png\",\"contentUrl\":\"https:\/\/itpagalba.com\/wp-content\/uploads\/2025\/01\/White-logo-no-background.png\",\"width\":3192,\"height\":3155,\"caption\":\"itpagalba.com\"},\"image\":{\"@id\":\"https:\/\/itpagalba.com\/#\/schema\/logo\/image\/\"}}]}<\/script>\n<!-- \/ Yoast SEO plugin. -->","yoast_head_json":{"title":"WiFi ir tinkl\u0173 sprendimai | itpagalba.com","robots":{"index":"index","follow":"follow","max-snippet":"max-snippet:-1","max-image-preview":"max-image-preview:large","max-video-preview":"max-video-preview:-1"},"canonical":"https:\/\/itpagalba.com\/index.php\/tinklu-ir-wifi-sprendimai\/","og_locale":"lt_LT","og_type":"article","og_title":"WiFi ir tinkl\u0173 sprendimai | itpagalba.com","og_description":"Trumpa ap\u017evalga: Teikiame profesionalius tinkl\u0173 ir WiFi sprendimus, kurie u\u017ftikrina stabil\u0173 ir saug\u0173 ry\u0161\u012f bet kokio dyd\u017eio patalpose \u2013 nuo ma\u017e\u0173 biur\u0173 [&hellip;]","og_url":"https:\/\/itpagalba.com\/index.php\/tinklu-ir-wifi-sprendimai\/","og_site_name":"itpagalba.com","article_modified_time":"2025-01-09T15:13:39+00:00","og_image":[{"width":3192,"height":3155,"url":"https:\/\/itpagalba.com\/wp-content\/uploads\/2025\/01\/White-logo-no-background-1.png","type":"image\/png"}],"twitter_card":"summary_large_image","twitter_misc":{"Est. reading time":"1 minut\u0117"},"schema":{"@context":"https:\/\/schema.org","@graph":[{"@type":"WebPage","@id":"https:\/\/itpagalba.com\/index.php\/tinklu-ir-wifi-sprendimai\/","url":"https:\/\/itpagalba.com\/index.php\/tinklu-ir-wifi-sprendimai\/","name":"WiFi ir tinkl\u0173 sprendimai | itpagalba.com","isPartOf":{"@id":"https:\/\/itpagalba.com\/#website"},"datePublished":"2025-01-09T14:39:40+00:00","dateModified":"2025-01-09T15:13:39+00:00","breadcrumb":{"@id":"https:\/\/itpagalba.com\/index.php\/tinklu-ir-wifi-sprendimai\/#breadcrumb"},"inLanguage":"lt-LT","potentialAction":[{"@type":"ReadAction","target":["https:\/\/itpagalba.com\/index.php\/tinklu-ir-wifi-sprendimai\/"]}]},{"@type":"BreadcrumbList","@id":"https:\/\/itpagalba.com\/index.php\/tinklu-ir-wifi-sprendimai\/#breadcrumb","itemListElement":[{"@type":"ListItem","position":1,"name":"Home","item":"https:\/\/itpagalba.com\/"},{"@type":"ListItem","position":2,"name":"WiFi ir tinkl\u0173 sprendimai"}]},{"@type":"WebSite","@id":"https:\/\/itpagalba.com\/#website","url":"https:\/\/itpagalba.com\/","name":"itpagalba.com","description":"IT pagalba: WiFi, tinklai, saugumas \u2013 profesional\u016bs sprendimai","publisher":{"@id":"https:\/\/itpagalba.com\/#organization"},"potentialAction":[{"@type":"SearchAction","target":{"@type":"EntryPoint","urlTemplate":"https:\/\/itpagalba.com\/?s={search_term_string}"},"query-input":{"@type":"PropertyValueSpecification","valueRequired":true,"valueName":"search_term_string"}}],"inLanguage":"lt-LT"},{"@type":"Organization","@id":"https:\/\/itpagalba.com\/#organization","name":"itpagalba.com","url":"https:\/\/itpagalba.com\/","logo":{"@type":"ImageObject","inLanguage":"lt-LT","@id":"https:\/\/itpagalba.com\/#\/schema\/logo\/image\/","url":"https:\/\/itpagalba.com\/wp-content\/uploads\/2025\/01\/White-logo-no-background.png","contentUrl":"https:\/\/itpagalba.com\/wp-content\/uploads\/2025\/01\/White-logo-no-background.png","width":3192,"height":3155,"caption":"itpagalba.com"},"image":{"@id":"https:\/\/itpagalba.com\/#\/schema\/logo\/image\/"}}]}},"_links":{"self":[{"href":"https:\/\/itpagalba.com\/index.php\/wp-json\/wp\/v2\/pages\/200","targetHints":{"allow":["GET"]}}],"collection":[{"href":"https:\/\/itpagalba.com\/index.php\/wp-json\/wp\/v2\/pages"}],"about":[{"href":"https:\/\/itpagalba.com\/index.php\/wp-json\/wp\/v2\/types\/page"}],"author":[{"embeddable":true,"href":"https:\/\/itpagalba.com\/index.php\/wp-json\/wp\/v2\/users\/1"}],"replies":[{"embeddable":true,"href":"https:\/\/itpagalba.com\/index.php\/wp-json\/wp\/v2\/comments?post=200"}],"version-history":[{"count":11,"href":"https:\/\/itpagalba.com\/index.php\/wp-json\/wp\/v2\/pages\/200\/revisions"}],"predecessor-version":[{"id":253,"href":"https:\/\/itpagalba.com\/index.php\/wp-json\/wp\/v2\/pages\/200\/revisions\/253"}],"wp:attachment":[{"href":"https:\/\/itpagalba.com\/index.php\/wp-json\/wp\/v2\/media?parent=200"}],"curies":[{"name":"wp","href":"https:\/\/api.w.org\/{rel}","templated":true}]}}