{"id":215,"date":"2025-01-09T16:51:55","date_gmt":"2025-01-09T14:51:55","guid":{"rendered":"https:\/\/itpagalba.com\/?page_id=215"},"modified":"2025-01-09T17:13:20","modified_gmt":"2025-01-09T15:13:20","slug":"rezerviniu-kopiju-sprendimai","status":"publish","type":"page","link":"https:\/\/itpagalba.com\/index.php\/rezerviniu-kopiju-sprendimai\/","title":{"rendered":"Rezervini\u0173 kopij\u0173 sprendimai"},"content":{"rendered":"\t\t<div data-elementor-type=\"wp-page\" data-elementor-id=\"215\" class=\"elementor elementor-215\">\n\t\t\t\t<div class=\"elementor-element elementor-element-a5f151e e-flex e-con-boxed e-con e-parent\" data-id=\"a5f151e\" data-element_type=\"container\">\n\t\t\t\t\t<div class=\"e-con-inner\">\n\t\t\t\t<div class=\"elementor-element elementor-element-96a6088 elementor-widget elementor-widget-heading\" data-id=\"96a6088\" data-element_type=\"widget\" data-widget_type=\"heading.default\">\n\t\t\t\t<div class=\"elementor-widget-container\">\n\t\t\t\t\t<h2 class=\"elementor-heading-title elementor-size-default\">Trumpa a\u017evalga:<\/h2>\t\t\t\t<\/div>\n\t\t\t\t<\/div>\n\t\t\t\t\t<\/div>\n\t\t\t\t<\/div>\n\t\t<div class=\"elementor-element elementor-element-b5373d0 e-flex e-con-boxed e-con e-parent\" data-id=\"b5373d0\" data-element_type=\"container\">\n\t\t\t\t\t<div class=\"e-con-inner\">\n\t\t\t\t<div class=\"elementor-element elementor-element-54b02ee elementor-widget elementor-widget-text-editor\" data-id=\"54b02ee\" data-element_type=\"widget\" data-widget_type=\"text-editor.default\">\n\t\t\t\t<div class=\"elementor-widget-container\">\n\t\t\t\t\t\t\t\t\t<p data-pm-slice=\"1 1 []\">Rezervin\u0117s kopijos yra kritinis verslo duomen\u0173 apsaugos sprendimas, u\u017etikrinantis duomen\u0173 atstatym\u0105 gedimo ar kibernetin\u0117s atakos atveju.<\/p>\t\t\t\t\t\t\t\t<\/div>\n\t\t\t\t<\/div>\n\t\t\t\t\t<\/div>\n\t\t\t\t<\/div>\n\t\t<div class=\"elementor-element elementor-element-a2595c8 e-flex e-con-boxed e-con e-parent\" data-id=\"a2595c8\" data-element_type=\"container\">\n\t\t\t\t\t<div class=\"e-con-inner\">\n\t\t\t\t<div class=\"elementor-element elementor-element-83a29ae elementor-widget elementor-widget-heading\" data-id=\"83a29ae\" data-element_type=\"widget\" data-widget_type=\"heading.default\">\n\t\t\t\t<div class=\"elementor-widget-container\">\n\t\t\t\t\t<h2 class=\"elementor-heading-title elementor-size-default\">Detalus apra\u0161ymas:<\/h2>\t\t\t\t<\/div>\n\t\t\t\t<\/div>\n\t\t\t\t\t<\/div>\n\t\t\t\t<\/div>\n\t\t<div class=\"elementor-element elementor-element-e43e458 e-flex e-con-boxed e-con e-parent\" data-id=\"e43e458\" data-element_type=\"container\">\n\t\t\t\t\t<div class=\"e-con-inner\">\n\t\t\t\t<div class=\"elementor-element elementor-element-cac1c15 elementor-widget elementor-widget-text-editor\" data-id=\"cac1c15\" data-element_type=\"widget\" data-widget_type=\"text-editor.default\">\n\t\t\t\t<div class=\"elementor-widget-container\">\n\t\t\t\t\t\t\t\t\t<p data-pm-slice=\"1 1 []\">Rezervin\u0117s kopijos yra esminis verslo saugumo komponentas. Mes si\u016blome automatizuotus atsarginio kopijavimo sprendimus, kurie leid\u017eia saugiai saugoti j\u016bs\u0173 duomenis tiek vietiniuose \u012frenginiuose, tiek debesijoje. Atliekame atsargini\u0173 kopij\u0173 diegimo darbus, parengiame duomen\u0173 atk\u016brimo planus ir periodi\u0161kai tikriname atsargini\u0173 kopij\u0173 veikim\u0105, kad b\u016bt\u0173 u\u017etikrintas 100% atkuriamumas.<\/p><p>Taip pat konsultuojame d\u0117l geriausiai j\u016bs\u0173 poreikius atitinkan\u010di\u0173 sprendim\u0173 pasirinkimo, nes suprantame, kad kiekvieno verslo poreikiai yra skirtingi.<\/p>\t\t\t\t\t\t\t\t<\/div>\n\t\t\t\t<\/div>\n\t\t\t\t\t<\/div>\n\t\t\t\t<\/div>\n\t\t<div class=\"elementor-element elementor-element-72f13f7 e-flex e-con-boxed e-con e-parent\" data-id=\"72f13f7\" data-element_type=\"container\">\n\t\t\t\t\t<div class=\"e-con-inner\">\n\t\t\t\t<div class=\"elementor-element elementor-element-9d3673d elementor-widget elementor-widget-heading\" data-id=\"9d3673d\" data-element_type=\"widget\" data-widget_type=\"heading.default\">\n\t\t\t\t<div class=\"elementor-widget-container\">\n\t\t\t\t\t<h2 class=\"elementor-heading-title elementor-size-default\">Kod\u0117l verta rinktis m\u016bs\u0173 rezervini\u0173 kopij\u0173 sprendimus?<\/h2>\t\t\t\t<\/div>\n\t\t\t\t<\/div>\n\t\t\t\t\t<\/div>\n\t\t\t\t<\/div>\n\t\t<div class=\"elementor-element elementor-element-4764415 e-flex e-con-boxed e-con e-parent\" data-id=\"4764415\" data-element_type=\"container\">\n\t\t\t\t\t<div class=\"e-con-inner\">\n\t\t\t\t<div class=\"elementor-element elementor-element-05a847b elementor-widget elementor-widget-text-editor\" data-id=\"05a847b\" data-element_type=\"widget\" data-widget_type=\"text-editor.default\">\n\t\t\t\t<div class=\"elementor-widget-container\">\n\t\t\t\t\t\t\t\t\t<ul data-spread=\"false\" data-pm-slice=\"3 3 []\"><li><p>Naudojame automatizuotus ir patikimus atsargini\u0173 kopij\u0173 sprendimus.<\/p><\/li><li><p>U\u017ftikriname greit\u0105 duomen\u0173 atk\u016brim\u0105 ir minimalius prastovos laikus.<\/p><\/li><li><p>Si\u016blome individualiai pritaikytus sprendimus, kurie atitinka j\u016bs\u0173 biud\u017eet\u0105 ir poreikius.<\/p><\/li><\/ul>\t\t\t\t\t\t\t\t<\/div>\n\t\t\t\t<\/div>\n\t\t\t\t\t<\/div>\n\t\t\t\t<\/div>\n\t\t\t\t<\/div>\n\t\t","protected":false},"excerpt":{"rendered":"<p>Trumpa a\u017evalga: Rezervin\u0117s kopijos yra kritinis verslo duomen\u0173 apsaugos sprendimas, u\u017etikrinantis duomen\u0173 atstatym\u0105 gedimo ar kibernetin\u0117s atakos atveju. Detalus apra\u0161ymas: Rezervin\u0117s kopijos [&hellip;]<\/p>\n","protected":false},"author":1,"featured_media":0,"parent":0,"menu_order":0,"comment_status":"closed","ping_status":"closed","template":"","meta":{"_monsterinsights_skip_tracking":false,"_monsterinsights_sitenote_active":false,"_monsterinsights_sitenote_note":"","_monsterinsights_sitenote_category":0,"footnotes":""},"class_list":["post-215","page","type-page","status-publish","hentry"],"yoast_head":"<!-- This site is optimized with the Yoast SEO plugin v24.2 - https:\/\/yoast.com\/wordpress\/plugins\/seo\/ -->\n<title>Rezervini\u0173 kopij\u0173 sprendimai | itpagalba.com<\/title>\n<meta name=\"robots\" content=\"index, follow, max-snippet:-1, max-image-preview:large, max-video-preview:-1\" \/>\n<link rel=\"canonical\" href=\"https:\/\/itpagalba.com\/index.php\/rezerviniu-kopiju-sprendimai\/\" \/>\n<meta property=\"og:locale\" content=\"lt_LT\" \/>\n<meta property=\"og:type\" content=\"article\" \/>\n<meta property=\"og:title\" content=\"Rezervini\u0173 kopij\u0173 sprendimai | itpagalba.com\" \/>\n<meta property=\"og:description\" content=\"Trumpa a\u017evalga: Rezervin\u0117s kopijos yra kritinis verslo duomen\u0173 apsaugos sprendimas, u\u017etikrinantis duomen\u0173 atstatym\u0105 gedimo ar kibernetin\u0117s atakos atveju. Detalus apra\u0161ymas: Rezervin\u0117s kopijos [&hellip;]\" \/>\n<meta property=\"og:url\" content=\"https:\/\/itpagalba.com\/index.php\/rezerviniu-kopiju-sprendimai\/\" \/>\n<meta property=\"og:site_name\" content=\"itpagalba.com\" \/>\n<meta property=\"article:modified_time\" content=\"2025-01-09T15:13:20+00:00\" \/>\n<meta property=\"og:image\" content=\"https:\/\/itpagalba.com\/wp-content\/uploads\/2025\/01\/White-logo-no-background-1.png\" \/>\n\t<meta property=\"og:image:width\" content=\"3192\" \/>\n\t<meta property=\"og:image:height\" content=\"3155\" \/>\n\t<meta property=\"og:image:type\" content=\"image\/png\" \/>\n<meta name=\"twitter:card\" content=\"summary_large_image\" \/>\n<meta name=\"twitter:label1\" content=\"Est. reading time\" \/>\n\t<meta name=\"twitter:data1\" content=\"1 minut\u0117\" \/>\n<script type=\"application\/ld+json\" class=\"yoast-schema-graph\">{\"@context\":\"https:\/\/schema.org\",\"@graph\":[{\"@type\":\"WebPage\",\"@id\":\"https:\/\/itpagalba.com\/index.php\/rezerviniu-kopiju-sprendimai\/\",\"url\":\"https:\/\/itpagalba.com\/index.php\/rezerviniu-kopiju-sprendimai\/\",\"name\":\"Rezervini\u0173 kopij\u0173 sprendimai | itpagalba.com\",\"isPartOf\":{\"@id\":\"https:\/\/itpagalba.com\/#website\"},\"datePublished\":\"2025-01-09T14:51:55+00:00\",\"dateModified\":\"2025-01-09T15:13:20+00:00\",\"breadcrumb\":{\"@id\":\"https:\/\/itpagalba.com\/index.php\/rezerviniu-kopiju-sprendimai\/#breadcrumb\"},\"inLanguage\":\"lt-LT\",\"potentialAction\":[{\"@type\":\"ReadAction\",\"target\":[\"https:\/\/itpagalba.com\/index.php\/rezerviniu-kopiju-sprendimai\/\"]}]},{\"@type\":\"BreadcrumbList\",\"@id\":\"https:\/\/itpagalba.com\/index.php\/rezerviniu-kopiju-sprendimai\/#breadcrumb\",\"itemListElement\":[{\"@type\":\"ListItem\",\"position\":1,\"name\":\"Home\",\"item\":\"https:\/\/itpagalba.com\/\"},{\"@type\":\"ListItem\",\"position\":2,\"name\":\"Rezervini\u0173 kopij\u0173 sprendimai\"}]},{\"@type\":\"WebSite\",\"@id\":\"https:\/\/itpagalba.com\/#website\",\"url\":\"https:\/\/itpagalba.com\/\",\"name\":\"itpagalba.com\",\"description\":\"IT pagalba: WiFi, tinklai, saugumas \u2013 profesional\u016bs sprendimai\",\"publisher\":{\"@id\":\"https:\/\/itpagalba.com\/#organization\"},\"potentialAction\":[{\"@type\":\"SearchAction\",\"target\":{\"@type\":\"EntryPoint\",\"urlTemplate\":\"https:\/\/itpagalba.com\/?s={search_term_string}\"},\"query-input\":{\"@type\":\"PropertyValueSpecification\",\"valueRequired\":true,\"valueName\":\"search_term_string\"}}],\"inLanguage\":\"lt-LT\"},{\"@type\":\"Organization\",\"@id\":\"https:\/\/itpagalba.com\/#organization\",\"name\":\"itpagalba.com\",\"url\":\"https:\/\/itpagalba.com\/\",\"logo\":{\"@type\":\"ImageObject\",\"inLanguage\":\"lt-LT\",\"@id\":\"https:\/\/itpagalba.com\/#\/schema\/logo\/image\/\",\"url\":\"https:\/\/itpagalba.com\/wp-content\/uploads\/2025\/01\/White-logo-no-background.png\",\"contentUrl\":\"https:\/\/itpagalba.com\/wp-content\/uploads\/2025\/01\/White-logo-no-background.png\",\"width\":3192,\"height\":3155,\"caption\":\"itpagalba.com\"},\"image\":{\"@id\":\"https:\/\/itpagalba.com\/#\/schema\/logo\/image\/\"}}]}<\/script>\n<!-- \/ Yoast SEO plugin. -->","yoast_head_json":{"title":"Rezervini\u0173 kopij\u0173 sprendimai | itpagalba.com","robots":{"index":"index","follow":"follow","max-snippet":"max-snippet:-1","max-image-preview":"max-image-preview:large","max-video-preview":"max-video-preview:-1"},"canonical":"https:\/\/itpagalba.com\/index.php\/rezerviniu-kopiju-sprendimai\/","og_locale":"lt_LT","og_type":"article","og_title":"Rezervini\u0173 kopij\u0173 sprendimai | itpagalba.com","og_description":"Trumpa a\u017evalga: Rezervin\u0117s kopijos yra kritinis verslo duomen\u0173 apsaugos sprendimas, u\u017etikrinantis duomen\u0173 atstatym\u0105 gedimo ar kibernetin\u0117s atakos atveju. Detalus apra\u0161ymas: Rezervin\u0117s kopijos [&hellip;]","og_url":"https:\/\/itpagalba.com\/index.php\/rezerviniu-kopiju-sprendimai\/","og_site_name":"itpagalba.com","article_modified_time":"2025-01-09T15:13:20+00:00","og_image":[{"width":3192,"height":3155,"url":"https:\/\/itpagalba.com\/wp-content\/uploads\/2025\/01\/White-logo-no-background-1.png","type":"image\/png"}],"twitter_card":"summary_large_image","twitter_misc":{"Est. reading time":"1 minut\u0117"},"schema":{"@context":"https:\/\/schema.org","@graph":[{"@type":"WebPage","@id":"https:\/\/itpagalba.com\/index.php\/rezerviniu-kopiju-sprendimai\/","url":"https:\/\/itpagalba.com\/index.php\/rezerviniu-kopiju-sprendimai\/","name":"Rezervini\u0173 kopij\u0173 sprendimai | itpagalba.com","isPartOf":{"@id":"https:\/\/itpagalba.com\/#website"},"datePublished":"2025-01-09T14:51:55+00:00","dateModified":"2025-01-09T15:13:20+00:00","breadcrumb":{"@id":"https:\/\/itpagalba.com\/index.php\/rezerviniu-kopiju-sprendimai\/#breadcrumb"},"inLanguage":"lt-LT","potentialAction":[{"@type":"ReadAction","target":["https:\/\/itpagalba.com\/index.php\/rezerviniu-kopiju-sprendimai\/"]}]},{"@type":"BreadcrumbList","@id":"https:\/\/itpagalba.com\/index.php\/rezerviniu-kopiju-sprendimai\/#breadcrumb","itemListElement":[{"@type":"ListItem","position":1,"name":"Home","item":"https:\/\/itpagalba.com\/"},{"@type":"ListItem","position":2,"name":"Rezervini\u0173 kopij\u0173 sprendimai"}]},{"@type":"WebSite","@id":"https:\/\/itpagalba.com\/#website","url":"https:\/\/itpagalba.com\/","name":"itpagalba.com","description":"IT pagalba: WiFi, tinklai, saugumas \u2013 profesional\u016bs sprendimai","publisher":{"@id":"https:\/\/itpagalba.com\/#organization"},"potentialAction":[{"@type":"SearchAction","target":{"@type":"EntryPoint","urlTemplate":"https:\/\/itpagalba.com\/?s={search_term_string}"},"query-input":{"@type":"PropertyValueSpecification","valueRequired":true,"valueName":"search_term_string"}}],"inLanguage":"lt-LT"},{"@type":"Organization","@id":"https:\/\/itpagalba.com\/#organization","name":"itpagalba.com","url":"https:\/\/itpagalba.com\/","logo":{"@type":"ImageObject","inLanguage":"lt-LT","@id":"https:\/\/itpagalba.com\/#\/schema\/logo\/image\/","url":"https:\/\/itpagalba.com\/wp-content\/uploads\/2025\/01\/White-logo-no-background.png","contentUrl":"https:\/\/itpagalba.com\/wp-content\/uploads\/2025\/01\/White-logo-no-background.png","width":3192,"height":3155,"caption":"itpagalba.com"},"image":{"@id":"https:\/\/itpagalba.com\/#\/schema\/logo\/image\/"}}]}},"_links":{"self":[{"href":"https:\/\/itpagalba.com\/index.php\/wp-json\/wp\/v2\/pages\/215","targetHints":{"allow":["GET"]}}],"collection":[{"href":"https:\/\/itpagalba.com\/index.php\/wp-json\/wp\/v2\/pages"}],"about":[{"href":"https:\/\/itpagalba.com\/index.php\/wp-json\/wp\/v2\/types\/page"}],"author":[{"embeddable":true,"href":"https:\/\/itpagalba.com\/index.php\/wp-json\/wp\/v2\/users\/1"}],"replies":[{"embeddable":true,"href":"https:\/\/itpagalba.com\/index.php\/wp-json\/wp\/v2\/comments?post=215"}],"version-history":[{"count":13,"href":"https:\/\/itpagalba.com\/index.php\/wp-json\/wp\/v2\/pages\/215\/revisions"}],"predecessor-version":[{"id":250,"href":"https:\/\/itpagalba.com\/index.php\/wp-json\/wp\/v2\/pages\/215\/revisions\/250"}],"wp:attachment":[{"href":"https:\/\/itpagalba.com\/index.php\/wp-json\/wp\/v2\/media?parent=215"}],"curies":[{"name":"wp","href":"https:\/\/api.w.org\/{rel}","templated":true}]}}