{"id":219,"date":"2025-01-09T16:52:48","date_gmt":"2025-01-09T14:52:48","guid":{"rendered":"https:\/\/itpagalba.com\/?page_id=219"},"modified":"2025-01-09T17:17:52","modified_gmt":"2025-01-09T15:17:52","slug":"it-projektu-valdymas-ir-konsultacijos","status":"publish","type":"page","link":"https:\/\/itpagalba.com\/index.php\/it-projektu-valdymas-ir-konsultacijos\/","title":{"rendered":"IT projekt\u0173 valdymas ir konsultacijos"},"content":{"rendered":"\t\t<div data-elementor-type=\"wp-page\" data-elementor-id=\"219\" class=\"elementor elementor-219\">\n\t\t\t\t<div class=\"elementor-element elementor-element-c02392e e-flex e-con-boxed e-con e-parent\" data-id=\"c02392e\" data-element_type=\"container\">\n\t\t\t\t\t<div class=\"e-con-inner\">\n\t\t\t\t<div class=\"elementor-element elementor-element-995437a elementor-widget elementor-widget-heading\" data-id=\"995437a\" data-element_type=\"widget\" data-widget_type=\"heading.default\">\n\t\t\t\t<div class=\"elementor-widget-container\">\n\t\t\t\t\t<h2 class=\"elementor-heading-title elementor-size-default\">Trumpa a\u017evalga:<\/h2>\t\t\t\t<\/div>\n\t\t\t\t<\/div>\n\t\t\t\t\t<\/div>\n\t\t\t\t<\/div>\n\t\t<div class=\"elementor-element elementor-element-5589961 e-flex e-con-boxed e-con e-parent\" data-id=\"5589961\" data-element_type=\"container\">\n\t\t\t\t\t<div class=\"e-con-inner\">\n\t\t\t\t<div class=\"elementor-element elementor-element-de1c122 elementor-widget elementor-widget-text-editor\" data-id=\"de1c122\" data-element_type=\"widget\" data-widget_type=\"text-editor.default\">\n\t\t\t\t<div class=\"elementor-widget-container\">\n\t\t\t\t\t\t\t\t\t<p data-pm-slice=\"1 1 []\">Padedame \u012fmon\u0117ms \u012fgyvendinti IT projektus nuo pradin\u0117s id\u0117jos iki galutinio sprendimo diegimo.<\/p>\t\t\t\t\t\t\t\t<\/div>\n\t\t\t\t<\/div>\n\t\t\t\t\t<\/div>\n\t\t\t\t<\/div>\n\t\t<div class=\"elementor-element elementor-element-7aa6f9e e-flex e-con-boxed e-con e-parent\" data-id=\"7aa6f9e\" data-element_type=\"container\">\n\t\t\t\t\t<div class=\"e-con-inner\">\n\t\t\t\t<div class=\"elementor-element elementor-element-9ef1aa7 elementor-widget elementor-widget-heading\" data-id=\"9ef1aa7\" data-element_type=\"widget\" data-widget_type=\"heading.default\">\n\t\t\t\t<div class=\"elementor-widget-container\">\n\t\t\t\t\t<h2 class=\"elementor-heading-title elementor-size-default\">Detalus apra\u0161ymas:<\/h2>\t\t\t\t<\/div>\n\t\t\t\t<\/div>\n\t\t\t\t\t<\/div>\n\t\t\t\t<\/div>\n\t\t<div class=\"elementor-element elementor-element-3c1259b e-flex e-con-boxed e-con e-parent\" data-id=\"3c1259b\" data-element_type=\"container\">\n\t\t\t\t\t<div class=\"e-con-inner\">\n\t\t\t\t<div class=\"elementor-element elementor-element-d0c46ce elementor-widget elementor-widget-text-editor\" data-id=\"d0c46ce\" data-element_type=\"widget\" data-widget_type=\"text-editor.default\">\n\t\t\t\t<div class=\"elementor-widget-container\">\n\t\t\t\t\t\t\t\t\t<p data-pm-slice=\"1 1 []\">M\u016bs\u0173 IT projekt\u0173 valdymo paslaugos apima visus projekto etapus: nuo poreiki\u0173 analiz\u0117s ir plano sudarymo iki projekto \u012fgyvendinimo ir galutinio rezultato pristatymo. Tur\u0117dami ilgamet\u0119 patirt\u012f, u\u017ftikriname skland\u0173 projekt\u0173 vykdym\u0105, efektyv\u0173 resurs\u0173 paskirstym\u0105 ir numatyt\u0173 tiksl\u0173 pasiekim\u0105.<\/p><p>Be to, teikiame konsultacijas specifiniais IT klausimais, pad\u0117dami rasti optimalius sprendimus pagal j\u016bs\u0173 veiklos poreikius.<\/p>\t\t\t\t\t\t\t\t<\/div>\n\t\t\t\t<\/div>\n\t\t\t\t\t<\/div>\n\t\t\t\t<\/div>\n\t\t<div class=\"elementor-element elementor-element-e7ae7a1 e-flex e-con-boxed e-con e-parent\" data-id=\"e7ae7a1\" data-element_type=\"container\">\n\t\t\t\t\t<div class=\"e-con-inner\">\n\t\t\t\t<div class=\"elementor-element elementor-element-42a42ae elementor-widget elementor-widget-heading\" data-id=\"42a42ae\" data-element_type=\"widget\" data-widget_type=\"heading.default\">\n\t\t\t\t<div class=\"elementor-widget-container\">\n\t\t\t\t\t<h2 class=\"elementor-heading-title elementor-size-default\">Kod\u0117l verta rinktis m\u016bs\u0173 IT projekt\u0173 valdymo ir konsultacij\u0173 paslaugas?<\/h2>\t\t\t\t<\/div>\n\t\t\t\t<\/div>\n\t\t\t\t\t<\/div>\n\t\t\t\t<\/div>\n\t\t<div class=\"elementor-element elementor-element-6324038 e-flex e-con-boxed e-con e-parent\" data-id=\"6324038\" data-element_type=\"container\">\n\t\t\t\t\t<div class=\"e-con-inner\">\n\t\t\t\t<div class=\"elementor-element elementor-element-1cd6307 elementor-widget elementor-widget-text-editor\" data-id=\"1cd6307\" data-element_type=\"widget\" data-widget_type=\"text-editor.default\">\n\t\t\t\t<div class=\"elementor-widget-container\">\n\t\t\t\t\t\t\t\t\t<ul data-spread=\"false\" data-pm-slice=\"3 3 []\"><li><p>Turime ilgamet\u0119 patirt\u012f valdant tiek smulkius, tiek stambius projektus.<\/p><\/li><li><p>U\u017ftikriname skland\u0173 projekto vykdym\u0105 ir efektyv\u0173 resurs\u0173 naudojim\u0105.<\/p><\/li><li><p>Padedame rasti geriausiai j\u016bs\u0173 poreikius atitinkan\u010dius sprendimus.<\/p><\/li><\/ul>\t\t\t\t\t\t\t\t<\/div>\n\t\t\t\t<\/div>\n\t\t\t\t\t<\/div>\n\t\t\t\t<\/div>\n\t\t\t\t<\/div>\n\t\t","protected":false},"excerpt":{"rendered":"<p>Trumpa a\u017evalga: Padedame \u012fmon\u0117ms \u012fgyvendinti IT projektus nuo pradin\u0117s id\u0117jos iki galutinio sprendimo diegimo. Detalus apra\u0161ymas: M\u016bs\u0173 IT projekt\u0173 valdymo paslaugos apima [&hellip;]<\/p>\n","protected":false},"author":1,"featured_media":0,"parent":0,"menu_order":0,"comment_status":"closed","ping_status":"closed","template":"","meta":{"_monsterinsights_skip_tracking":false,"_monsterinsights_sitenote_active":false,"_monsterinsights_sitenote_note":"","_monsterinsights_sitenote_category":0,"footnotes":""},"class_list":["post-219","page","type-page","status-publish","hentry"],"yoast_head":"<!-- This site is optimized with the Yoast SEO plugin v24.2 - https:\/\/yoast.com\/wordpress\/plugins\/seo\/ -->\n<title>IT projekt\u0173 valdymas ir konsultacijos | itpagalba.com<\/title>\n<meta name=\"robots\" content=\"index, follow, max-snippet:-1, max-image-preview:large, max-video-preview:-1\" \/>\n<link rel=\"canonical\" href=\"https:\/\/itpagalba.com\/index.php\/it-projektu-valdymas-ir-konsultacijos\/\" \/>\n<meta property=\"og:locale\" content=\"lt_LT\" \/>\n<meta property=\"og:type\" content=\"article\" \/>\n<meta property=\"og:title\" content=\"IT projekt\u0173 valdymas ir konsultacijos | itpagalba.com\" \/>\n<meta property=\"og:description\" content=\"Trumpa a\u017evalga: Padedame \u012fmon\u0117ms \u012fgyvendinti IT projektus nuo pradin\u0117s id\u0117jos iki galutinio sprendimo diegimo. Detalus apra\u0161ymas: M\u016bs\u0173 IT projekt\u0173 valdymo paslaugos apima [&hellip;]\" \/>\n<meta property=\"og:url\" content=\"https:\/\/itpagalba.com\/index.php\/it-projektu-valdymas-ir-konsultacijos\/\" \/>\n<meta property=\"og:site_name\" content=\"itpagalba.com\" \/>\n<meta property=\"article:modified_time\" content=\"2025-01-09T15:17:52+00:00\" \/>\n<meta property=\"og:image\" content=\"https:\/\/itpagalba.com\/wp-content\/uploads\/2025\/01\/White-logo-no-background-1.png\" \/>\n\t<meta property=\"og:image:width\" content=\"3192\" \/>\n\t<meta property=\"og:image:height\" content=\"3155\" \/>\n\t<meta property=\"og:image:type\" content=\"image\/png\" \/>\n<meta name=\"twitter:card\" content=\"summary_large_image\" \/>\n<meta name=\"twitter:label1\" content=\"Est. reading time\" \/>\n\t<meta name=\"twitter:data1\" content=\"1 minut\u0117\" \/>\n<script type=\"application\/ld+json\" class=\"yoast-schema-graph\">{\"@context\":\"https:\/\/schema.org\",\"@graph\":[{\"@type\":\"WebPage\",\"@id\":\"https:\/\/itpagalba.com\/index.php\/it-projektu-valdymas-ir-konsultacijos\/\",\"url\":\"https:\/\/itpagalba.com\/index.php\/it-projektu-valdymas-ir-konsultacijos\/\",\"name\":\"IT projekt\u0173 valdymas ir konsultacijos | itpagalba.com\",\"isPartOf\":{\"@id\":\"https:\/\/itpagalba.com\/#website\"},\"datePublished\":\"2025-01-09T14:52:48+00:00\",\"dateModified\":\"2025-01-09T15:17:52+00:00\",\"breadcrumb\":{\"@id\":\"https:\/\/itpagalba.com\/index.php\/it-projektu-valdymas-ir-konsultacijos\/#breadcrumb\"},\"inLanguage\":\"lt-LT\",\"potentialAction\":[{\"@type\":\"ReadAction\",\"target\":[\"https:\/\/itpagalba.com\/index.php\/it-projektu-valdymas-ir-konsultacijos\/\"]}]},{\"@type\":\"BreadcrumbList\",\"@id\":\"https:\/\/itpagalba.com\/index.php\/it-projektu-valdymas-ir-konsultacijos\/#breadcrumb\",\"itemListElement\":[{\"@type\":\"ListItem\",\"position\":1,\"name\":\"Home\",\"item\":\"https:\/\/itpagalba.com\/\"},{\"@type\":\"ListItem\",\"position\":2,\"name\":\"IT projekt\u0173 valdymas ir konsultacijos\"}]},{\"@type\":\"WebSite\",\"@id\":\"https:\/\/itpagalba.com\/#website\",\"url\":\"https:\/\/itpagalba.com\/\",\"name\":\"itpagalba.com\",\"description\":\"IT pagalba: WiFi, tinklai, saugumas \u2013 profesional\u016bs sprendimai\",\"publisher\":{\"@id\":\"https:\/\/itpagalba.com\/#organization\"},\"potentialAction\":[{\"@type\":\"SearchAction\",\"target\":{\"@type\":\"EntryPoint\",\"urlTemplate\":\"https:\/\/itpagalba.com\/?s={search_term_string}\"},\"query-input\":{\"@type\":\"PropertyValueSpecification\",\"valueRequired\":true,\"valueName\":\"search_term_string\"}}],\"inLanguage\":\"lt-LT\"},{\"@type\":\"Organization\",\"@id\":\"https:\/\/itpagalba.com\/#organization\",\"name\":\"itpagalba.com\",\"url\":\"https:\/\/itpagalba.com\/\",\"logo\":{\"@type\":\"ImageObject\",\"inLanguage\":\"lt-LT\",\"@id\":\"https:\/\/itpagalba.com\/#\/schema\/logo\/image\/\",\"url\":\"https:\/\/itpagalba.com\/wp-content\/uploads\/2025\/01\/White-logo-no-background.png\",\"contentUrl\":\"https:\/\/itpagalba.com\/wp-content\/uploads\/2025\/01\/White-logo-no-background.png\",\"width\":3192,\"height\":3155,\"caption\":\"itpagalba.com\"},\"image\":{\"@id\":\"https:\/\/itpagalba.com\/#\/schema\/logo\/image\/\"}}]}<\/script>\n<!-- \/ Yoast SEO plugin. -->","yoast_head_json":{"title":"IT projekt\u0173 valdymas ir konsultacijos | itpagalba.com","robots":{"index":"index","follow":"follow","max-snippet":"max-snippet:-1","max-image-preview":"max-image-preview:large","max-video-preview":"max-video-preview:-1"},"canonical":"https:\/\/itpagalba.com\/index.php\/it-projektu-valdymas-ir-konsultacijos\/","og_locale":"lt_LT","og_type":"article","og_title":"IT projekt\u0173 valdymas ir konsultacijos | itpagalba.com","og_description":"Trumpa a\u017evalga: Padedame \u012fmon\u0117ms \u012fgyvendinti IT projektus nuo pradin\u0117s id\u0117jos iki galutinio sprendimo diegimo. Detalus apra\u0161ymas: M\u016bs\u0173 IT projekt\u0173 valdymo paslaugos apima [&hellip;]","og_url":"https:\/\/itpagalba.com\/index.php\/it-projektu-valdymas-ir-konsultacijos\/","og_site_name":"itpagalba.com","article_modified_time":"2025-01-09T15:17:52+00:00","og_image":[{"width":3192,"height":3155,"url":"https:\/\/itpagalba.com\/wp-content\/uploads\/2025\/01\/White-logo-no-background-1.png","type":"image\/png"}],"twitter_card":"summary_large_image","twitter_misc":{"Est. reading time":"1 minut\u0117"},"schema":{"@context":"https:\/\/schema.org","@graph":[{"@type":"WebPage","@id":"https:\/\/itpagalba.com\/index.php\/it-projektu-valdymas-ir-konsultacijos\/","url":"https:\/\/itpagalba.com\/index.php\/it-projektu-valdymas-ir-konsultacijos\/","name":"IT projekt\u0173 valdymas ir konsultacijos | itpagalba.com","isPartOf":{"@id":"https:\/\/itpagalba.com\/#website"},"datePublished":"2025-01-09T14:52:48+00:00","dateModified":"2025-01-09T15:17:52+00:00","breadcrumb":{"@id":"https:\/\/itpagalba.com\/index.php\/it-projektu-valdymas-ir-konsultacijos\/#breadcrumb"},"inLanguage":"lt-LT","potentialAction":[{"@type":"ReadAction","target":["https:\/\/itpagalba.com\/index.php\/it-projektu-valdymas-ir-konsultacijos\/"]}]},{"@type":"BreadcrumbList","@id":"https:\/\/itpagalba.com\/index.php\/it-projektu-valdymas-ir-konsultacijos\/#breadcrumb","itemListElement":[{"@type":"ListItem","position":1,"name":"Home","item":"https:\/\/itpagalba.com\/"},{"@type":"ListItem","position":2,"name":"IT projekt\u0173 valdymas ir konsultacijos"}]},{"@type":"WebSite","@id":"https:\/\/itpagalba.com\/#website","url":"https:\/\/itpagalba.com\/","name":"itpagalba.com","description":"IT pagalba: WiFi, tinklai, saugumas \u2013 profesional\u016bs sprendimai","publisher":{"@id":"https:\/\/itpagalba.com\/#organization"},"potentialAction":[{"@type":"SearchAction","target":{"@type":"EntryPoint","urlTemplate":"https:\/\/itpagalba.com\/?s={search_term_string}"},"query-input":{"@type":"PropertyValueSpecification","valueRequired":true,"valueName":"search_term_string"}}],"inLanguage":"lt-LT"},{"@type":"Organization","@id":"https:\/\/itpagalba.com\/#organization","name":"itpagalba.com","url":"https:\/\/itpagalba.com\/","logo":{"@type":"ImageObject","inLanguage":"lt-LT","@id":"https:\/\/itpagalba.com\/#\/schema\/logo\/image\/","url":"https:\/\/itpagalba.com\/wp-content\/uploads\/2025\/01\/White-logo-no-background.png","contentUrl":"https:\/\/itpagalba.com\/wp-content\/uploads\/2025\/01\/White-logo-no-background.png","width":3192,"height":3155,"caption":"itpagalba.com"},"image":{"@id":"https:\/\/itpagalba.com\/#\/schema\/logo\/image\/"}}]}},"_links":{"self":[{"href":"https:\/\/itpagalba.com\/index.php\/wp-json\/wp\/v2\/pages\/219","targetHints":{"allow":["GET"]}}],"collection":[{"href":"https:\/\/itpagalba.com\/index.php\/wp-json\/wp\/v2\/pages"}],"about":[{"href":"https:\/\/itpagalba.com\/index.php\/wp-json\/wp\/v2\/types\/page"}],"author":[{"embeddable":true,"href":"https:\/\/itpagalba.com\/index.php\/wp-json\/wp\/v2\/users\/1"}],"replies":[{"embeddable":true,"href":"https:\/\/itpagalba.com\/index.php\/wp-json\/wp\/v2\/comments?post=219"}],"version-history":[{"count":4,"href":"https:\/\/itpagalba.com\/index.php\/wp-json\/wp\/v2\/pages\/219\/revisions"}],"predecessor-version":[{"id":259,"href":"https:\/\/itpagalba.com\/index.php\/wp-json\/wp\/v2\/pages\/219\/revisions\/259"}],"wp:attachment":[{"href":"https:\/\/itpagalba.com\/index.php\/wp-json\/wp\/v2\/media?parent=219"}],"curies":[{"name":"wp","href":"https:\/\/api.w.org\/{rel}","templated":true}]}}