{"id":260,"date":"2025-01-09T17:23:15","date_gmt":"2025-01-09T15:23:15","guid":{"rendered":"https:\/\/itpagalba.com\/?page_id=260"},"modified":"2025-01-09T17:33:19","modified_gmt":"2025-01-09T15:33:19","slug":"kontaktai","status":"publish","type":"page","link":"https:\/\/itpagalba.com\/index.php\/kontaktai\/","title":{"rendered":"Kontaktai"},"content":{"rendered":"\t\t<div data-elementor-type=\"wp-page\" data-elementor-id=\"260\" class=\"elementor elementor-260\">\n\t\t\t\t<div class=\"elementor-element elementor-element-a8ea16c e-flex e-con-boxed e-con e-parent\" data-id=\"a8ea16c\" data-element_type=\"container\">\n\t\t\t\t\t<div class=\"e-con-inner\">\n\t\t\t\t<div class=\"elementor-element elementor-element-7faa621 elementor-widget elementor-widget-text-editor\" data-id=\"7faa621\" data-element_type=\"widget\" data-widget_type=\"text-editor.default\">\n\t\t\t\t<div class=\"elementor-widget-container\">\n\t\t\t\t\t\t\t\t\t<p data-pm-slice=\"1 1 []\">Jei turite klausim\u0173 d\u0117l IT sprendim\u0173 arba norite pasikonsultuoti, u\u017epildykite \u017eemiau esan\u010di\u0105 form\u0105. Mes stengiam\u0117s atsakyti kaip \u012fmanoma grei\u010diau.<\/p>\t\t\t\t\t\t\t\t<\/div>\n\t\t\t\t<\/div>\n\t\t\t\t\t<\/div>\n\t\t\t\t<\/div>\n\t\t<div class=\"elementor-element elementor-element-defb482 e-flex e-con-boxed e-con e-parent\" data-id=\"defb482\" data-element_type=\"container\">\n\t\t\t\t\t<div class=\"e-con-inner\">\n\t\t\t\t<div class=\"elementor-element elementor-element-b9b0719 elementor-widget elementor-widget-wpforms\" data-id=\"b9b0719\" data-element_type=\"widget\" data-widget_type=\"wpforms.default\">\n\t\t\t\t<div class=\"elementor-widget-container\">\n\t\t\t\t\t<style id=\"wpforms-css-vars-root\">\n\t\t\t\t:root {\n\t\t\t\t\t--wpforms-field-border-radius: 3px;\n--wpforms-field-border-style: solid;\n--wpforms-field-border-size: 1px;\n--wpforms-field-background-color: #ffffff;\n--wpforms-field-border-color: rgba( 0, 0, 0, 0.25 );\n--wpforms-field-border-color-spare: rgba( 0, 0, 0, 0.25 );\n--wpforms-field-text-color: rgba( 0, 0, 0, 0.7 );\n--wpforms-field-menu-color: #ffffff;\n--wpforms-label-color: rgba( 0, 0, 0, 0.85 );\n--wpforms-label-sublabel-color: rgba( 0, 0, 0, 0.55 );\n--wpforms-label-error-color: #d63637;\n--wpforms-button-border-radius: 3px;\n--wpforms-button-border-style: none;\n--wpforms-button-border-size: 1px;\n--wpforms-button-background-color: #066aab;\n--wpforms-button-border-color: #066aab;\n--wpforms-button-text-color: #ffffff;\n--wpforms-page-break-color: #066aab;\n--wpforms-background-image: none;\n--wpforms-background-position: center center;\n--wpforms-background-repeat: no-repeat;\n--wpforms-background-size: cover;\n--wpforms-background-width: 100px;\n--wpforms-background-height: 100px;\n--wpforms-background-color: rgba( 0, 0, 0, 0 );\n--wpforms-background-url: none;\n--wpforms-container-padding: 0px;\n--wpforms-container-border-style: none;\n--wpforms-container-border-width: 1px;\n--wpforms-container-border-color: #000000;\n--wpforms-container-border-radius: 3px;\n--wpforms-field-size-input-height: 43px;\n--wpforms-field-size-input-spacing: 15px;\n--wpforms-field-size-font-size: 16px;\n--wpforms-field-size-line-height: 19px;\n--wpforms-field-size-padding-h: 14px;\n--wpforms-field-size-checkbox-size: 16px;\n--wpforms-field-size-sublabel-spacing: 5px;\n--wpforms-field-size-icon-size: 1;\n--wpforms-label-size-font-size: 16px;\n--wpforms-label-size-line-height: 19px;\n--wpforms-label-size-sublabel-font-size: 14px;\n--wpforms-label-size-sublabel-line-height: 17px;\n--wpforms-button-size-font-size: 17px;\n--wpforms-button-size-height: 41px;\n--wpforms-button-size-padding-h: 15px;\n--wpforms-button-size-margin-top: 10px;\n--wpforms-container-shadow-size-box-shadow: none;\n\n\t\t\t\t}\n\t\t\t<\/style><style id=\"wpforms-css-vars-elementor-widget-b9b0719\">\n\t\t\t\t.elementor-widget-wpforms.elementor-element-b9b0719 {\n\t\t\t\t\t--wpforms-field-size-input-height: 43px;\n--wpforms-field-size-input-spacing: 15px;\n--wpforms-field-size-font-size: 16px;\n--wpforms-field-size-line-height: 19px;\n--wpforms-field-size-padding-h: 14px;\n--wpforms-field-size-checkbox-size: 16px;\n--wpforms-field-size-sublabel-spacing: 5px;\n--wpforms-field-size-icon-size: 1;\n--wpforms-label-size-font-size: 16px;\n--wpforms-label-size-line-height: 19px;\n--wpforms-label-size-sublabel-font-size: 14px;\n--wpforms-label-size-sublabel-line-height: 17px;\n--wpforms-button-size-font-size: 17px;\n--wpforms-button-size-height: 41px;\n--wpforms-button-size-padding-h: 15px;\n--wpforms-button-size-margin-top: 10px;\n\n\t\t\t\t}\n\t\t\t<\/style><div class=\"wpforms-container wpforms-container-full wpforms-render-modern\" id=\"wpforms-79\"><form id=\"wpforms-form-79\" class=\"wpforms-validate wpforms-form\" data-formid=\"79\" method=\"post\" enctype=\"multipart\/form-data\" action=\"\/index.php\/wp-json\/wp\/v2\/pages\/260\" data-token=\"f325a49fabd61c4c380f898158518f5b\" data-token-time=\"1775398412\"><noscript class=\"wpforms-error-noscript\">Please enable JavaScript in your browser to complete this form.<\/noscript><div class=\"wpforms-hidden\" id=\"wpforms-error-noscript\">Please enable JavaScript in your browser to complete this form.<\/div><div class=\"wpforms-field-container\"><div id=\"wpforms-79-field_0-container\" class=\"wpforms-field wpforms-field-name wpforms-one-half wpforms-first\" data-field-id=\"0\"><label class=\"wpforms-field-label wpforms-label-hide\" for=\"wpforms-79-field_0\" aria-hidden=\"false\">Vardas <span class=\"wpforms-required-label\" aria-hidden=\"true\">*<\/span><\/label><input type=\"text\" id=\"wpforms-79-field_0\" class=\"wpforms-field-large wpforms-field-required\" name=\"wpforms[fields][0]\" placeholder=\"Vardas\" aria-errormessage=\"wpforms-79-field_0-error\" required><\/div><div id=\"wpforms-79-field_3-container\" class=\"wpforms-field wpforms-field-email wpforms-one-half\" data-field-id=\"3\"><label class=\"wpforms-field-label wpforms-label-hide\" for=\"wpforms-79-field_3\" aria-hidden=\"false\">E-pa\u0161tas <span class=\"wpforms-required-label\" aria-hidden=\"true\">*<\/span><\/label><input type=\"email\" id=\"wpforms-79-field_3\" class=\"wpforms-field-large wpforms-field-required\" name=\"wpforms[fields][3]\" placeholder=\"E-pa\u0161tas\" spellcheck=\"false\" aria-errormessage=\"wpforms-79-field_3-error\" required><\/div><div id=\"wpforms-79-field_4-container\" class=\"wpforms-field wpforms-field-text\" data-field-id=\"4\"><label class=\"wpforms-field-label wpforms-label-hide\" for=\"wpforms-79-field_4\" aria-hidden=\"false\">Tema<\/label><input type=\"text\" id=\"wpforms-79-field_4\" class=\"wpforms-field-large\" name=\"wpforms[fields][4]\" placeholder=\"Tema\" aria-errormessage=\"wpforms-79-field_4-error\" ><\/div><div id=\"wpforms-79-field_2-container\" class=\"wpforms-field wpforms-field-textarea\" data-field-id=\"2\"><label class=\"wpforms-field-label wpforms-label-hide\" for=\"wpforms-79-field_2\" aria-hidden=\"false\">\u017dinut\u0117 <span class=\"wpforms-required-label\" aria-hidden=\"true\">*<\/span><\/label><textarea id=\"wpforms-79-field_2\" class=\"wpforms-field-medium wpforms-field-required\" name=\"wpforms[fields][2]\" placeholder=\"\u017dinut\u0117\" aria-errormessage=\"wpforms-79-field_2-error\" required><\/textarea><\/div><\/div><!-- .wpforms-field-container --><div class=\"wpforms-submit-container\" ><input type=\"hidden\" name=\"wpforms[id]\" value=\"79\"><input type=\"hidden\" name=\"page_title\" value=\"\"><input type=\"hidden\" name=\"page_url\" value=\"https:\/\/itpagalba.com\/index.php\/wp-json\/wp\/v2\/pages\/260\"><button type=\"submit\" name=\"wpforms[submit]\" id=\"wpforms-submit-79\" class=\"wpforms-submit\" data-alt-text=\"Siun\u010diama...\" data-submit-text=\"Si\u0173sti\" aria-live=\"assertive\" value=\"wpforms-submit\">Si\u0173sti<\/button><\/div><\/form><\/div>  <!-- .wpforms-container -->\t\t\t\t<\/div>\n\t\t\t\t<\/div>\n\t\t\t\t\t<\/div>\n\t\t\t\t<\/div>\n\t\t\t\t<\/div>\n\t\t","protected":false},"excerpt":{"rendered":"<p>Jei turite klausim\u0173 d\u0117l IT sprendim\u0173 arba norite pasikonsultuoti, u\u017epildykite \u017eemiau esan\u010di\u0105 form\u0105. Mes stengiam\u0117s atsakyti kaip \u012fmanoma grei\u010diau. Please enable JavaScript [&hellip;]<\/p>\n","protected":false},"author":1,"featured_media":0,"parent":0,"menu_order":0,"comment_status":"closed","ping_status":"closed","template":"","meta":{"_monsterinsights_skip_tracking":false,"_monsterinsights_sitenote_active":false,"_monsterinsights_sitenote_note":"","_monsterinsights_sitenote_category":0,"footnotes":""},"class_list":["post-260","page","type-page","status-publish","hentry"],"yoast_head":"<!-- This site is optimized with the Yoast SEO plugin v24.2 - https:\/\/yoast.com\/wordpress\/plugins\/seo\/ -->\n<title>Kontaktai | itpagalba.com<\/title>\n<meta name=\"robots\" content=\"index, follow, max-snippet:-1, max-image-preview:large, max-video-preview:-1\" \/>\n<link rel=\"canonical\" href=\"https:\/\/itpagalba.com\/index.php\/kontaktai\/\" \/>\n<meta property=\"og:locale\" content=\"lt_LT\" \/>\n<meta property=\"og:type\" content=\"article\" \/>\n<meta property=\"og:title\" content=\"Kontaktai | itpagalba.com\" \/>\n<meta property=\"og:description\" content=\"Jei turite klausim\u0173 d\u0117l IT sprendim\u0173 arba norite pasikonsultuoti, u\u017epildykite \u017eemiau esan\u010di\u0105 form\u0105. Mes stengiam\u0117s atsakyti kaip \u012fmanoma grei\u010diau. Please enable JavaScript [&hellip;]\" \/>\n<meta property=\"og:url\" content=\"https:\/\/itpagalba.com\/index.php\/kontaktai\/\" \/>\n<meta property=\"og:site_name\" content=\"itpagalba.com\" \/>\n<meta property=\"article:modified_time\" content=\"2025-01-09T15:33:19+00:00\" \/>\n<meta property=\"og:image\" content=\"https:\/\/itpagalba.com\/wp-content\/uploads\/2025\/01\/White-logo-no-background-1.png\" \/>\n\t<meta property=\"og:image:width\" content=\"3192\" \/>\n\t<meta property=\"og:image:height\" content=\"3155\" \/>\n\t<meta property=\"og:image:type\" content=\"image\/png\" \/>\n<meta name=\"twitter:card\" content=\"summary_large_image\" \/>\n<meta name=\"twitter:label1\" content=\"Est. reading time\" \/>\n\t<meta name=\"twitter:data1\" content=\"1 minut\u0117\" \/>\n<script type=\"application\/ld+json\" class=\"yoast-schema-graph\">{\"@context\":\"https:\/\/schema.org\",\"@graph\":[{\"@type\":\"WebPage\",\"@id\":\"https:\/\/itpagalba.com\/index.php\/kontaktai\/\",\"url\":\"https:\/\/itpagalba.com\/index.php\/kontaktai\/\",\"name\":\"Kontaktai | itpagalba.com\",\"isPartOf\":{\"@id\":\"https:\/\/itpagalba.com\/#website\"},\"datePublished\":\"2025-01-09T15:23:15+00:00\",\"dateModified\":\"2025-01-09T15:33:19+00:00\",\"breadcrumb\":{\"@id\":\"https:\/\/itpagalba.com\/index.php\/kontaktai\/#breadcrumb\"},\"inLanguage\":\"lt-LT\",\"potentialAction\":[{\"@type\":\"ReadAction\",\"target\":[\"https:\/\/itpagalba.com\/index.php\/kontaktai\/\"]}]},{\"@type\":\"BreadcrumbList\",\"@id\":\"https:\/\/itpagalba.com\/index.php\/kontaktai\/#breadcrumb\",\"itemListElement\":[{\"@type\":\"ListItem\",\"position\":1,\"name\":\"Home\",\"item\":\"https:\/\/itpagalba.com\/\"},{\"@type\":\"ListItem\",\"position\":2,\"name\":\"Kontaktai\"}]},{\"@type\":\"WebSite\",\"@id\":\"https:\/\/itpagalba.com\/#website\",\"url\":\"https:\/\/itpagalba.com\/\",\"name\":\"itpagalba.com\",\"description\":\"IT pagalba: WiFi, tinklai, saugumas \u2013 profesional\u016bs sprendimai\",\"publisher\":{\"@id\":\"https:\/\/itpagalba.com\/#organization\"},\"potentialAction\":[{\"@type\":\"SearchAction\",\"target\":{\"@type\":\"EntryPoint\",\"urlTemplate\":\"https:\/\/itpagalba.com\/?s={search_term_string}\"},\"query-input\":{\"@type\":\"PropertyValueSpecification\",\"valueRequired\":true,\"valueName\":\"search_term_string\"}}],\"inLanguage\":\"lt-LT\"},{\"@type\":\"Organization\",\"@id\":\"https:\/\/itpagalba.com\/#organization\",\"name\":\"itpagalba.com\",\"url\":\"https:\/\/itpagalba.com\/\",\"logo\":{\"@type\":\"ImageObject\",\"inLanguage\":\"lt-LT\",\"@id\":\"https:\/\/itpagalba.com\/#\/schema\/logo\/image\/\",\"url\":\"https:\/\/itpagalba.com\/wp-content\/uploads\/2025\/01\/White-logo-no-background.png\",\"contentUrl\":\"https:\/\/itpagalba.com\/wp-content\/uploads\/2025\/01\/White-logo-no-background.png\",\"width\":3192,\"height\":3155,\"caption\":\"itpagalba.com\"},\"image\":{\"@id\":\"https:\/\/itpagalba.com\/#\/schema\/logo\/image\/\"}}]}<\/script>\n<!-- \/ Yoast SEO plugin. -->","yoast_head_json":{"title":"Kontaktai | itpagalba.com","robots":{"index":"index","follow":"follow","max-snippet":"max-snippet:-1","max-image-preview":"max-image-preview:large","max-video-preview":"max-video-preview:-1"},"canonical":"https:\/\/itpagalba.com\/index.php\/kontaktai\/","og_locale":"lt_LT","og_type":"article","og_title":"Kontaktai | itpagalba.com","og_description":"Jei turite klausim\u0173 d\u0117l IT sprendim\u0173 arba norite pasikonsultuoti, u\u017epildykite \u017eemiau esan\u010di\u0105 form\u0105. Mes stengiam\u0117s atsakyti kaip \u012fmanoma grei\u010diau. Please enable JavaScript [&hellip;]","og_url":"https:\/\/itpagalba.com\/index.php\/kontaktai\/","og_site_name":"itpagalba.com","article_modified_time":"2025-01-09T15:33:19+00:00","og_image":[{"width":3192,"height":3155,"url":"https:\/\/itpagalba.com\/wp-content\/uploads\/2025\/01\/White-logo-no-background-1.png","type":"image\/png"}],"twitter_card":"summary_large_image","twitter_misc":{"Est. reading time":"1 minut\u0117"},"schema":{"@context":"https:\/\/schema.org","@graph":[{"@type":"WebPage","@id":"https:\/\/itpagalba.com\/index.php\/kontaktai\/","url":"https:\/\/itpagalba.com\/index.php\/kontaktai\/","name":"Kontaktai | itpagalba.com","isPartOf":{"@id":"https:\/\/itpagalba.com\/#website"},"datePublished":"2025-01-09T15:23:15+00:00","dateModified":"2025-01-09T15:33:19+00:00","breadcrumb":{"@id":"https:\/\/itpagalba.com\/index.php\/kontaktai\/#breadcrumb"},"inLanguage":"lt-LT","potentialAction":[{"@type":"ReadAction","target":["https:\/\/itpagalba.com\/index.php\/kontaktai\/"]}]},{"@type":"BreadcrumbList","@id":"https:\/\/itpagalba.com\/index.php\/kontaktai\/#breadcrumb","itemListElement":[{"@type":"ListItem","position":1,"name":"Home","item":"https:\/\/itpagalba.com\/"},{"@type":"ListItem","position":2,"name":"Kontaktai"}]},{"@type":"WebSite","@id":"https:\/\/itpagalba.com\/#website","url":"https:\/\/itpagalba.com\/","name":"itpagalba.com","description":"IT pagalba: WiFi, tinklai, saugumas \u2013 profesional\u016bs sprendimai","publisher":{"@id":"https:\/\/itpagalba.com\/#organization"},"potentialAction":[{"@type":"SearchAction","target":{"@type":"EntryPoint","urlTemplate":"https:\/\/itpagalba.com\/?s={search_term_string}"},"query-input":{"@type":"PropertyValueSpecification","valueRequired":true,"valueName":"search_term_string"}}],"inLanguage":"lt-LT"},{"@type":"Organization","@id":"https:\/\/itpagalba.com\/#organization","name":"itpagalba.com","url":"https:\/\/itpagalba.com\/","logo":{"@type":"ImageObject","inLanguage":"lt-LT","@id":"https:\/\/itpagalba.com\/#\/schema\/logo\/image\/","url":"https:\/\/itpagalba.com\/wp-content\/uploads\/2025\/01\/White-logo-no-background.png","contentUrl":"https:\/\/itpagalba.com\/wp-content\/uploads\/2025\/01\/White-logo-no-background.png","width":3192,"height":3155,"caption":"itpagalba.com"},"image":{"@id":"https:\/\/itpagalba.com\/#\/schema\/logo\/image\/"}}]}},"_links":{"self":[{"href":"https:\/\/itpagalba.com\/index.php\/wp-json\/wp\/v2\/pages\/260","targetHints":{"allow":["GET"]}}],"collection":[{"href":"https:\/\/itpagalba.com\/index.php\/wp-json\/wp\/v2\/pages"}],"about":[{"href":"https:\/\/itpagalba.com\/index.php\/wp-json\/wp\/v2\/types\/page"}],"author":[{"embeddable":true,"href":"https:\/\/itpagalba.com\/index.php\/wp-json\/wp\/v2\/users\/1"}],"replies":[{"embeddable":true,"href":"https:\/\/itpagalba.com\/index.php\/wp-json\/wp\/v2\/comments?post=260"}],"version-history":[{"count":4,"href":"https:\/\/itpagalba.com\/index.php\/wp-json\/wp\/v2\/pages\/260\/revisions"}],"predecessor-version":[{"id":267,"href":"https:\/\/itpagalba.com\/index.php\/wp-json\/wp\/v2\/pages\/260\/revisions\/267"}],"wp:attachment":[{"href":"https:\/\/itpagalba.com\/index.php\/wp-json\/wp\/v2\/media?parent=260"}],"curies":[{"name":"wp","href":"https:\/\/api.w.org\/{rel}","templated":true}]}}