{"id":91,"date":"2025-01-06T15:47:58","date_gmt":"2025-01-06T13:47:58","guid":{"rendered":"https:\/\/itpagalba.com\/?page_id=91"},"modified":"2025-01-09T10:26:57","modified_gmt":"2025-01-09T08:26:57","slug":"pagrindinis","status":"publish","type":"page","link":"https:\/\/itpagalba.com\/","title":{"rendered":"Pagrindinis"},"content":{"rendered":"\t\t<div data-elementor-type=\"wp-page\" data-elementor-id=\"91\" class=\"elementor elementor-91\">\n\t\t\t\t<div class=\"elementor-element elementor-element-1446f66 e-flex e-con-boxed e-con e-parent\" data-id=\"1446f66\" data-element_type=\"container\">\n\t\t\t\t\t<div class=\"e-con-inner\">\n\t\t\t\t<div class=\"elementor-element elementor-element-2f588d1 elementor-widget elementor-widget-heading\" data-id=\"2f588d1\" data-element_type=\"widget\" data-widget_type=\"heading.default\">\n\t\t\t\t<div class=\"elementor-widget-container\">\n\t\t\t\t\t<h2 class=\"elementor-heading-title elementor-size-default\">IT sprendimai verslui ir individualiems projektams<\/h2>\t\t\t\t<\/div>\n\t\t\t\t<\/div>\n\t\t\t\t\t<\/div>\n\t\t\t\t<\/div>\n\t\t<div class=\"elementor-element elementor-element-068c8ee e-flex e-con-boxed e-con e-parent\" data-id=\"068c8ee\" data-element_type=\"container\">\n\t\t\t\t\t<div class=\"e-con-inner\">\n\t\t\t\t<div class=\"elementor-element elementor-element-9d74cb6 elementor-widget elementor-widget-text-editor\" data-id=\"9d74cb6\" data-element_type=\"widget\" data-widget_type=\"text-editor.default\">\n\t\t\t\t<div class=\"elementor-widget-container\">\n\t\t\t\t\t\t\t\t\t<p>WiFi tinklai, rezervin\u0117s kopijos, kibernetinis saugumas \u2013 sprendimai, pritaikyti j\u016bs\u0173 verslui ir asmeniniams projektams.<\/p>\t\t\t\t\t\t\t\t<\/div>\n\t\t\t\t<\/div>\n\t\t\t\t\t<\/div>\n\t\t\t\t<\/div>\n\t\t<div class=\"elementor-element elementor-element-fe4404c e-flex e-con-boxed e-con e-parent\" data-id=\"fe4404c\" data-element_type=\"container\">\n\t\t\t\t\t<div class=\"e-con-inner\">\n\t\t\t\t<div class=\"elementor-element elementor-element-c4269d4 elementor-widget elementor-widget-button\" data-id=\"c4269d4\" data-element_type=\"widget\" data-widget_type=\"button.default\">\n\t\t\t\t<div class=\"elementor-widget-container\">\n\t\t\t\t\t\t\t\t\t<div class=\"elementor-button-wrapper\">\n\t\t\t\t\t<a class=\"elementor-button elementor-button-link elementor-size-sm\" href=\"#\">\n\t\t\t\t\t\t<span class=\"elementor-button-content-wrapper\">\n\t\t\t\t\t\t\t\t\t<span class=\"elementor-button-text\">Gauti nemokam\u0105 konsultacij\u0105<\/span>\n\t\t\t\t\t<\/span>\n\t\t\t\t\t<\/a>\n\t\t\t\t<\/div>\n\t\t\t\t\t\t\t\t<\/div>\n\t\t\t\t<\/div>\n\t\t\t\t<div class=\"elementor-element elementor-element-3e2a6da elementor-view-default elementor-widget elementor-widget-icon\" data-id=\"3e2a6da\" data-element_type=\"widget\" data-widget_type=\"icon.default\">\n\t\t\t\t<div class=\"elementor-widget-container\">\n\t\t\t\t\t\t\t<div class=\"elementor-icon-wrapper\">\n\t\t\t<div class=\"elementor-icon\">\n\t\t\t<svg aria-hidden=\"true\" class=\"e-font-icon-svg e-fas-wifi\" viewBox=\"0 0 640 512\" xmlns=\"http:\/\/www.w3.org\/2000\/svg\"><path d=\"M634.91 154.88C457.74-8.99 182.19-8.93 5.09 154.88c-6.66 6.16-6.79 16.59-.35 22.98l34.24 33.97c6.14 6.1 16.02 6.23 22.4.38 145.92-133.68 371.3-133.71 517.25 0 6.38 5.85 16.26 5.71 22.4-.38l34.24-33.97c6.43-6.39 6.3-16.82-.36-22.98zM320 352c-35.35 0-64 28.65-64 64s28.65 64 64 64 64-28.65 64-64-28.65-64-64-64zm202.67-83.59c-115.26-101.93-290.21-101.82-405.34 0-6.9 6.1-7.12 16.69-.57 23.15l34.44 33.99c6 5.92 15.66 6.32 22.05.8 83.95-72.57 209.74-72.41 293.49 0 6.39 5.52 16.05 5.13 22.05-.8l34.44-33.99c6.56-6.46 6.33-17.06-.56-23.15z\"><\/path><\/svg>\t\t\t<\/div>\n\t\t<\/div>\n\t\t\t\t\t\t<\/div>\n\t\t\t\t<\/div>\n\t\t\t\t<div class=\"elementor-element elementor-element-f8b4e35 elementor-widget elementor-widget-heading\" data-id=\"f8b4e35\" data-element_type=\"widget\" data-widget_type=\"heading.default\">\n\t\t\t\t<div class=\"elementor-widget-container\">\n\t\t\t\t\t<h2 class=\"elementor-heading-title elementor-size-default\">WiFi ir tinkl\u0173 sprendimai<\/h2>\t\t\t\t<\/div>\n\t\t\t\t<\/div>\n\t\t\t\t<div class=\"elementor-element elementor-element-8eba294 elementor-widget elementor-widget-text-editor\" data-id=\"8eba294\" data-element_type=\"widget\" data-widget_type=\"text-editor.default\">\n\t\t\t\t<div class=\"elementor-widget-container\">\n\t\t\t\t\t\t\t\t\t<p>Stabil\u016bs ir patikimi tinklai verslui ar namams \u2013 greitam darbui ir skland\u017eioms pramogoms.<\/p>\t\t\t\t\t\t\t\t<\/div>\n\t\t\t\t<\/div>\n\t\t\t\t<div class=\"elementor-element elementor-element-fbdcecc elementor-view-default elementor-widget elementor-widget-icon\" data-id=\"fbdcecc\" data-element_type=\"widget\" data-widget_type=\"icon.default\">\n\t\t\t\t<div class=\"elementor-widget-container\">\n\t\t\t\t\t\t\t<div class=\"elementor-icon-wrapper\">\n\t\t\t<div class=\"elementor-icon\">\n\t\t\t<svg aria-hidden=\"true\" class=\"e-font-icon-svg e-fas-database\" viewBox=\"0 0 448 512\" xmlns=\"http:\/\/www.w3.org\/2000\/svg\"><path d=\"M448 73.143v45.714C448 159.143 347.667 192 224 192S0 159.143 0 118.857V73.143C0 32.857 100.333 0 224 0s224 32.857 224 73.143zM448 176v102.857C448 319.143 347.667 352 224 352S0 319.143 0 278.857V176c48.125 33.143 136.208 48.572 224 48.572S399.874 209.143 448 176zm0 160v102.857C448 479.143 347.667 512 224 512S0 479.143 0 438.857V336c48.125 33.143 136.208 48.572 224 48.572S399.874 369.143 448 336z\"><\/path><\/svg>\t\t\t<\/div>\n\t\t<\/div>\n\t\t\t\t\t\t<\/div>\n\t\t\t\t<\/div>\n\t\t\t\t<div class=\"elementor-element elementor-element-767eeab elementor-widget elementor-widget-heading\" data-id=\"767eeab\" data-element_type=\"widget\" data-widget_type=\"heading.default\">\n\t\t\t\t<div class=\"elementor-widget-container\">\n\t\t\t\t\t<h2 class=\"elementor-heading-title elementor-size-default\">Rezervin\u0117s kopijos<\/h2>\t\t\t\t<\/div>\n\t\t\t\t<\/div>\n\t\t\t\t<div class=\"elementor-element elementor-element-a5af406 elementor-widget elementor-widget-text-editor\" data-id=\"a5af406\" data-element_type=\"widget\" data-widget_type=\"text-editor.default\">\n\t\t\t\t<div class=\"elementor-widget-container\">\n\t\t\t\t\t\t\t\t\t<p>Automatizuotos rezervin\u0117s kopijos ir atk\u016brimo sprendimai \u2013 visada u\u017etikrintas j\u016bs\u0173 duomen\u0173 saugumas.<\/p>\t\t\t\t\t\t\t\t<\/div>\n\t\t\t\t<\/div>\n\t\t\t\t<div class=\"elementor-element elementor-element-5c052cc elementor-view-default elementor-widget elementor-widget-icon\" data-id=\"5c052cc\" data-element_type=\"widget\" data-widget_type=\"icon.default\">\n\t\t\t\t<div class=\"elementor-widget-container\">\n\t\t\t\t\t\t\t<div class=\"elementor-icon-wrapper\">\n\t\t\t<div class=\"elementor-icon\">\n\t\t\t<svg aria-hidden=\"true\" class=\"e-font-icon-svg e-fas-user-secret\" viewBox=\"0 0 448 512\" xmlns=\"http:\/\/www.w3.org\/2000\/svg\"><path d=\"M383.9 308.3l23.9-62.6c4-10.5-3.7-21.7-15-21.7h-58.5c11-18.9 17.8-40.6 17.8-64v-.3c39.2-7.8 64-19.1 64-31.7 0-13.3-27.3-25.1-70.1-33-9.2-32.8-27-65.8-40.6-82.8-9.5-11.9-25.9-15.6-39.5-8.8l-27.6 13.8c-9 4.5-19.6 4.5-28.6 0L182.1 3.4c-13.6-6.8-30-3.1-39.5 8.8-13.5 17-31.4 50-40.6 82.8-42.7 7.9-70 19.7-70 33 0 12.6 24.8 23.9 64 31.7v.3c0 23.4 6.8 45.1 17.8 64H56.3c-11.5 0-19.2 11.7-14.7 22.3l25.8 60.2C27.3 329.8 0 372.7 0 422.4v44.8C0 491.9 20.1 512 44.8 512h358.4c24.7 0 44.8-20.1 44.8-44.8v-44.8c0-48.4-25.8-90.4-64.1-114.1zM176 480l-41.6-192 49.6 32 24 40-32 120zm96 0l-32-120 24-40 49.6-32L272 480zm41.7-298.5c-3.9 11.9-7 24.6-16.5 33.4-10.1 9.3-48 22.4-64-25-2.8-8.4-15.4-8.4-18.3 0-17 50.2-56 32.4-64 25-9.5-8.8-12.7-21.5-16.5-33.4-.8-2.5-6.3-5.7-6.3-5.8v-10.8c28.3 3.6 61 5.8 96 5.8s67.7-2.1 96-5.8v10.8c-.1.1-5.6 3.2-6.4 5.8z\"><\/path><\/svg>\t\t\t<\/div>\n\t\t<\/div>\n\t\t\t\t\t\t<\/div>\n\t\t\t\t<\/div>\n\t\t\t\t<div class=\"elementor-element elementor-element-b06de60 elementor-widget elementor-widget-heading\" data-id=\"b06de60\" data-element_type=\"widget\" data-widget_type=\"heading.default\">\n\t\t\t\t<div class=\"elementor-widget-container\">\n\t\t\t\t\t<h2 class=\"elementor-heading-title elementor-size-default\">Kibernetinis saugumas<\/h2>\t\t\t\t<\/div>\n\t\t\t\t<\/div>\n\t\t\t\t<div class=\"elementor-element elementor-element-3e780b3 elementor-widget elementor-widget-text-editor\" data-id=\"3e780b3\" data-element_type=\"widget\" data-widget_type=\"text-editor.default\">\n\t\t\t\t<div class=\"elementor-widget-container\">\n\t\t\t\t\t\t\t\t\t<p>Apsaugokite savo tinkl\u0105 ir duomenis nuo i\u0161orini\u0173 gr\u0117smi\u0173 su patikimais kibernetinio saugumo sprendimais.<\/p>\t\t\t\t\t\t\t\t<\/div>\n\t\t\t\t<\/div>\n\t\t\t\t<div class=\"elementor-element elementor-element-44bbb98 elementor-view-default elementor-widget elementor-widget-icon\" data-id=\"44bbb98\" data-element_type=\"widget\" data-widget_type=\"icon.default\">\n\t\t\t\t<div class=\"elementor-widget-container\">\n\t\t\t\t\t\t\t<div class=\"elementor-icon-wrapper\">\n\t\t\t<div class=\"elementor-icon\">\n\t\t\t<svg aria-hidden=\"true\" class=\"e-font-icon-svg e-fas-project-diagram\" viewBox=\"0 0 640 512\" xmlns=\"http:\/\/www.w3.org\/2000\/svg\"><path d=\"M384 320H256c-17.67 0-32 14.33-32 32v128c0 17.67 14.33 32 32 32h128c17.67 0 32-14.33 32-32V352c0-17.67-14.33-32-32-32zM192 32c0-17.67-14.33-32-32-32H32C14.33 0 0 14.33 0 32v128c0 17.67 14.33 32 32 32h95.72l73.16 128.04C211.98 300.98 232.4 288 256 288h.28L192 175.51V128h224V64H192V32zM608 0H480c-17.67 0-32 14.33-32 32v128c0 17.67 14.33 32 32 32h128c17.67 0 32-14.33 32-32V32c0-17.67-14.33-32-32-32z\"><\/path><\/svg>\t\t\t<\/div>\n\t\t<\/div>\n\t\t\t\t\t\t<\/div>\n\t\t\t\t<\/div>\n\t\t\t\t<div class=\"elementor-element elementor-element-f8d6328 elementor-widget elementor-widget-heading\" data-id=\"f8d6328\" data-element_type=\"widget\" data-widget_type=\"heading.default\">\n\t\t\t\t<div class=\"elementor-widget-container\">\n\t\t\t\t\t<h2 class=\"elementor-heading-title elementor-size-default\">IT projekt\u0173 valdymas ir konsultacijos<\/h2>\t\t\t\t<\/div>\n\t\t\t\t<\/div>\n\t\t\t\t<div class=\"elementor-element elementor-element-988302b elementor-widget elementor-widget-text-editor\" data-id=\"988302b\" data-element_type=\"widget\" data-widget_type=\"text-editor.default\">\n\t\t\t\t<div class=\"elementor-widget-container\">\n\t\t\t\t\t\t\t\t\t<p>Padedame \u012fgyvendinti IT infrastrukt\u016bros projektus ir teikiame konsultacijas \u012fvairiais IT klausimais.<\/p>\t\t\t\t\t\t\t\t<\/div>\n\t\t\t\t<\/div>\n\t\t\t\t\t<\/div>\n\t\t\t\t<\/div>\n\t\t\t\t<\/div>\n\t\t","protected":false},"excerpt":{"rendered":"<p>IT sprendimai verslui ir individualiems projektams WiFi tinklai, rezervin\u0117s kopijos, kibernetinis saugumas \u2013 sprendimai, pritaikyti j\u016bs\u0173 verslui ir asmeniniams projektams. Gauti nemokam\u0105 [&hellip;]<\/p>\n","protected":false},"author":1,"featured_media":0,"parent":0,"menu_order":0,"comment_status":"closed","ping_status":"closed","template":"","meta":{"_monsterinsights_skip_tracking":false,"_monsterinsights_sitenote_active":false,"_monsterinsights_sitenote_note":"","_monsterinsights_sitenote_category":0,"footnotes":""},"class_list":["post-91","page","type-page","status-publish","hentry"],"yoast_head":"<!-- This site is optimized with the Yoast SEO plugin v24.2 - https:\/\/yoast.com\/wordpress\/plugins\/seo\/ -->\n<title>Pagrindinis | itpagalba.com<\/title>\n<meta name=\"description\" content=\"Si\u016blome profesionali\u0105 IT pagalb\u0105: WiFi tinkl\u0173 diegimas, rezervini\u0173 kopij\u0173 k\u016brimas, kibernetinis saugumas ir IT projekt\u0173 valdymas. Susisiekite d\u0117l nemokamos konsultacijos!\" \/>\n<meta name=\"robots\" content=\"index, follow, max-snippet:-1, max-image-preview:large, max-video-preview:-1\" \/>\n<link rel=\"canonical\" href=\"https:\/\/itpagalba.com\/\" \/>\n<meta property=\"og:locale\" content=\"lt_LT\" \/>\n<meta property=\"og:type\" content=\"article\" \/>\n<meta property=\"og:title\" content=\"Pagrindinis | itpagalba.com\" \/>\n<meta property=\"og:description\" content=\"Si\u016blome profesionali\u0105 IT pagalb\u0105: WiFi tinkl\u0173 diegimas, rezervini\u0173 kopij\u0173 k\u016brimas, kibernetinis saugumas ir IT projekt\u0173 valdymas. Susisiekite d\u0117l nemokamos konsultacijos!\" \/>\n<meta property=\"og:url\" content=\"https:\/\/itpagalba.com\/\" \/>\n<meta property=\"og:site_name\" content=\"itpagalba.com\" \/>\n<meta property=\"article:modified_time\" content=\"2025-01-09T08:26:57+00:00\" \/>\n<meta property=\"og:image\" content=\"https:\/\/itpagalba.com\/wp-content\/uploads\/2025\/01\/White-logo-no-background-1.png\" \/>\n\t<meta property=\"og:image:width\" content=\"3192\" \/>\n\t<meta property=\"og:image:height\" content=\"3155\" \/>\n\t<meta property=\"og:image:type\" content=\"image\/png\" \/>\n<meta name=\"twitter:card\" content=\"summary_large_image\" \/>\n<meta name=\"twitter:label1\" content=\"Est. reading time\" \/>\n\t<meta name=\"twitter:data1\" content=\"1 minut\u0117\" \/>\n<script type=\"application\/ld+json\" class=\"yoast-schema-graph\">{\"@context\":\"https:\/\/schema.org\",\"@graph\":[{\"@type\":\"WebPage\",\"@id\":\"https:\/\/itpagalba.com\/\",\"url\":\"https:\/\/itpagalba.com\/\",\"name\":\"Pagrindinis | itpagalba.com\",\"isPartOf\":{\"@id\":\"https:\/\/itpagalba.com\/#website\"},\"datePublished\":\"2025-01-06T13:47:58+00:00\",\"dateModified\":\"2025-01-09T08:26:57+00:00\",\"description\":\"Si\u016blome profesionali\u0105 IT pagalb\u0105: WiFi tinkl\u0173 diegimas, rezervini\u0173 kopij\u0173 k\u016brimas, kibernetinis saugumas ir IT projekt\u0173 valdymas. Susisiekite d\u0117l nemokamos konsultacijos!\",\"breadcrumb\":{\"@id\":\"https:\/\/itpagalba.com\/#breadcrumb\"},\"inLanguage\":\"lt-LT\",\"potentialAction\":[{\"@type\":\"ReadAction\",\"target\":[\"https:\/\/itpagalba.com\/\"]}]},{\"@type\":\"BreadcrumbList\",\"@id\":\"https:\/\/itpagalba.com\/#breadcrumb\",\"itemListElement\":[{\"@type\":\"ListItem\",\"position\":1,\"name\":\"Home\",\"item\":\"https:\/\/itpagalba.com\/\"},{\"@type\":\"ListItem\",\"position\":2,\"name\":\"Pagrindinis\"}]},{\"@type\":\"WebSite\",\"@id\":\"https:\/\/itpagalba.com\/#website\",\"url\":\"https:\/\/itpagalba.com\/\",\"name\":\"itpagalba.com\",\"description\":\"IT pagalba: WiFi, tinklai, saugumas \u2013 profesional\u016bs sprendimai\",\"publisher\":{\"@id\":\"https:\/\/itpagalba.com\/#organization\"},\"potentialAction\":[{\"@type\":\"SearchAction\",\"target\":{\"@type\":\"EntryPoint\",\"urlTemplate\":\"https:\/\/itpagalba.com\/?s={search_term_string}\"},\"query-input\":{\"@type\":\"PropertyValueSpecification\",\"valueRequired\":true,\"valueName\":\"search_term_string\"}}],\"inLanguage\":\"lt-LT\"},{\"@type\":\"Organization\",\"@id\":\"https:\/\/itpagalba.com\/#organization\",\"name\":\"itpagalba.com\",\"url\":\"https:\/\/itpagalba.com\/\",\"logo\":{\"@type\":\"ImageObject\",\"inLanguage\":\"lt-LT\",\"@id\":\"https:\/\/itpagalba.com\/#\/schema\/logo\/image\/\",\"url\":\"https:\/\/itpagalba.com\/wp-content\/uploads\/2025\/01\/White-logo-no-background.png\",\"contentUrl\":\"https:\/\/itpagalba.com\/wp-content\/uploads\/2025\/01\/White-logo-no-background.png\",\"width\":3192,\"height\":3155,\"caption\":\"itpagalba.com\"},\"image\":{\"@id\":\"https:\/\/itpagalba.com\/#\/schema\/logo\/image\/\"}}]}<\/script>\n<!-- \/ Yoast SEO plugin. -->","yoast_head_json":{"title":"Pagrindinis | itpagalba.com","description":"Si\u016blome profesionali\u0105 IT pagalb\u0105: WiFi tinkl\u0173 diegimas, rezervini\u0173 kopij\u0173 k\u016brimas, kibernetinis saugumas ir IT projekt\u0173 valdymas. Susisiekite d\u0117l nemokamos konsultacijos!","robots":{"index":"index","follow":"follow","max-snippet":"max-snippet:-1","max-image-preview":"max-image-preview:large","max-video-preview":"max-video-preview:-1"},"canonical":"https:\/\/itpagalba.com\/","og_locale":"lt_LT","og_type":"article","og_title":"Pagrindinis | itpagalba.com","og_description":"Si\u016blome profesionali\u0105 IT pagalb\u0105: WiFi tinkl\u0173 diegimas, rezervini\u0173 kopij\u0173 k\u016brimas, kibernetinis saugumas ir IT projekt\u0173 valdymas. Susisiekite d\u0117l nemokamos konsultacijos!","og_url":"https:\/\/itpagalba.com\/","og_site_name":"itpagalba.com","article_modified_time":"2025-01-09T08:26:57+00:00","og_image":[{"width":3192,"height":3155,"url":"https:\/\/itpagalba.com\/wp-content\/uploads\/2025\/01\/White-logo-no-background-1.png","type":"image\/png"}],"twitter_card":"summary_large_image","twitter_misc":{"Est. reading time":"1 minut\u0117"},"schema":{"@context":"https:\/\/schema.org","@graph":[{"@type":"WebPage","@id":"https:\/\/itpagalba.com\/","url":"https:\/\/itpagalba.com\/","name":"Pagrindinis | itpagalba.com","isPartOf":{"@id":"https:\/\/itpagalba.com\/#website"},"datePublished":"2025-01-06T13:47:58+00:00","dateModified":"2025-01-09T08:26:57+00:00","description":"Si\u016blome profesionali\u0105 IT pagalb\u0105: WiFi tinkl\u0173 diegimas, rezervini\u0173 kopij\u0173 k\u016brimas, kibernetinis saugumas ir IT projekt\u0173 valdymas. Susisiekite d\u0117l nemokamos konsultacijos!","breadcrumb":{"@id":"https:\/\/itpagalba.com\/#breadcrumb"},"inLanguage":"lt-LT","potentialAction":[{"@type":"ReadAction","target":["https:\/\/itpagalba.com\/"]}]},{"@type":"BreadcrumbList","@id":"https:\/\/itpagalba.com\/#breadcrumb","itemListElement":[{"@type":"ListItem","position":1,"name":"Home","item":"https:\/\/itpagalba.com\/"},{"@type":"ListItem","position":2,"name":"Pagrindinis"}]},{"@type":"WebSite","@id":"https:\/\/itpagalba.com\/#website","url":"https:\/\/itpagalba.com\/","name":"itpagalba.com","description":"IT pagalba: WiFi, tinklai, saugumas \u2013 profesional\u016bs sprendimai","publisher":{"@id":"https:\/\/itpagalba.com\/#organization"},"potentialAction":[{"@type":"SearchAction","target":{"@type":"EntryPoint","urlTemplate":"https:\/\/itpagalba.com\/?s={search_term_string}"},"query-input":{"@type":"PropertyValueSpecification","valueRequired":true,"valueName":"search_term_string"}}],"inLanguage":"lt-LT"},{"@type":"Organization","@id":"https:\/\/itpagalba.com\/#organization","name":"itpagalba.com","url":"https:\/\/itpagalba.com\/","logo":{"@type":"ImageObject","inLanguage":"lt-LT","@id":"https:\/\/itpagalba.com\/#\/schema\/logo\/image\/","url":"https:\/\/itpagalba.com\/wp-content\/uploads\/2025\/01\/White-logo-no-background.png","contentUrl":"https:\/\/itpagalba.com\/wp-content\/uploads\/2025\/01\/White-logo-no-background.png","width":3192,"height":3155,"caption":"itpagalba.com"},"image":{"@id":"https:\/\/itpagalba.com\/#\/schema\/logo\/image\/"}}]}},"_links":{"self":[{"href":"https:\/\/itpagalba.com\/index.php\/wp-json\/wp\/v2\/pages\/91","targetHints":{"allow":["GET"]}}],"collection":[{"href":"https:\/\/itpagalba.com\/index.php\/wp-json\/wp\/v2\/pages"}],"about":[{"href":"https:\/\/itpagalba.com\/index.php\/wp-json\/wp\/v2\/types\/page"}],"author":[{"embeddable":true,"href":"https:\/\/itpagalba.com\/index.php\/wp-json\/wp\/v2\/users\/1"}],"replies":[{"embeddable":true,"href":"https:\/\/itpagalba.com\/index.php\/wp-json\/wp\/v2\/comments?post=91"}],"version-history":[{"count":61,"href":"https:\/\/itpagalba.com\/index.php\/wp-json\/wp\/v2\/pages\/91\/revisions"}],"predecessor-version":[{"id":181,"href":"https:\/\/itpagalba.com\/index.php\/wp-json\/wp\/v2\/pages\/91\/revisions\/181"}],"wp:attachment":[{"href":"https:\/\/itpagalba.com\/index.php\/wp-json\/wp\/v2\/media?parent=91"}],"curies":[{"name":"wp","href":"https:\/\/api.w.org\/{rel}","templated":true}]}}